{"id":3821,"date":"2021-03-10T11:02:17","date_gmt":"2021-03-10T10:02:17","guid":{"rendered":"https:\/\/nano4people.dev.wd7.cz\/?post_type=product&#038;p=3821"},"modified":"2025-01-22T14:19:56","modified_gmt":"2025-01-22T13:19:56","slug":"fn-primer-silicate-5-kg","status":"publish","type":"product","link":"https:\/\/www.nano4people.cz\/shop\/produkt\/fn-primer-silicate-5-kg\/","title":{"rendered":"FN\u00ae PRIMER SILICATE, 5 kg"},"content":{"rendered":"<p style=\"text-align: justify;\">Silik\u00e1tov\u00fd z\u00e1kladn\u00ed penetra\u010dn\u00ed n\u00e1t\u011br pro pou\u017eit\u00ed v exteri\u00e9ru i interi\u00e9ru pro p\u0159\u00edli\u0161 sav\u00e9 podklady. Pou\u017e\u00edv\u00e1 se pod silik\u00e1tov\u00e9 barvy nebo p\u0159\u00edmo pod n\u00e1t\u011bry FN NANO<sup>\u00ae<\/sup> .<\/p>\n<ul style=\"text-align: justify;\">\n<li><strong>z\u00e1kladn\u00ed penetra\u010dn\u00ed n\u00e1t\u011br do interi\u00e9ru i exteri\u00e9ru<\/strong><\/li>\n<li><strong>sjednocuje r\u016fznou nas\u00e1kavost podkladu<\/strong><\/li>\n<li><strong>zpev\u0148uje miner\u00e1ln\u00ed podklad<\/strong><\/li>\n<li><strong>pou\u017e\u00edv\u00e1 se jako \u0159edidlo do silik\u00e1tov\u00fdch n\u00e1t\u011brov\u00fdch hmot<\/strong><\/li>\n<li><strong>sou\u010d\u00e1st funk\u010dn\u00edho fotokatalytick\u00e9ho n\u00e1t\u011brov\u00e9ho syst\u00e9mu zaji\u0161\u0165uj\u00edc\u00edho aktivn\u00ed samo\u010di\u0161t\u011bn\u00ed povrchu, odolnost v\u016f\u010di mikroorganism\u016fm, dokonalou ochranu podkladu proti UV z\u00e1\u0159en\u00ed a \u00fa\u010dinn\u00e9 \u010di\u0161t\u011bn\u00ed vzduchu<\/strong><\/li>\n<\/ul>\n<p style=\"text-align: justify;\"><strong><b>vydatnost:<\/b> 6 \u2013 25 m<sup>2<\/sup> z 1 kg koncentr\u00e1tu v jedn\u00e9 vrstv\u011b<\/strong><\/p>\n<ul>\n<li style=\"text-align: justify;\"><b>Pou\u017eit\u00ed:<\/b> jako z\u00e1kladn\u00ed n\u00e1t\u011br pod silik\u00e1tov\u00e9 n\u00e1t\u011brov\u00e9 hmoty FN<sup>\u00ae<\/sup> SENSITIVE SILICATE nebo FN<sup>\u00ae<\/sup> PAINT SILICATE a p\u0159\u00edp. jako jejich \u0159edidlo. Pou\u017e\u00edv\u00e1 se pro \u00fapravu a zpevn\u011bn\u00ed miner\u00e1ln\u00edch podklad\u016f \u2013 vyzr\u00e1l\u00fdch v\u00e1penn\u00fdch, v\u00e1penocementov\u00fdch a cementov\u00fdch om\u00edtek, \u0161tuk\u016f, betonu, star\u00fdch o\u010di\u0161t\u011bn\u00fdch miner\u00e1ln\u00edch n\u00e1t\u011br\u016f, cihel, p\u00edskovce, stavebn\u00edho kamene apod. <b>Odst\u00edn:<\/b> bezbarv\u00fd a\u017e ml\u00e9\u010dn\u011b zakalen\u00fd. <b>Podklad:<\/b> \u010dist\u00fd, pevn\u00fd, nosn\u00fd, vyzr\u00e1l\u00fd, soudr\u017en\u00fd, drsn\u00fd, such\u00fd, bez uvol\u0148uj\u00edc\u00edch se \u010d\u00e1stic, spe\u010den\u00fdch vrstev a nesoudr\u017en\u00fdch \u010d\u00e1st\u00ed, zbaven\u00fd prachu, mastnot, bedn\u00edc\u00edch olej\u016f, star\u00fdch n\u00e1t\u011br\u016f, v\u00fdkv\u011bt\u016f. Nesm\u00ed b\u00fdt hydrofobizovan\u00fd ani biologicky napaden\u00fd. Nelze aplikovat na podklady obsahuj\u00edc\u00ed s\u00e1dru, nezkarbonatovan\u00e9 v\u00e1pno, v\u00fdkv\u011bty vodorozpustn\u00fdch sol\u00ed (s\u00edrany, dusi\u010dnany, chloridy), fas\u00e1dn\u00ed akryl\u00e1tov\u00e9, silikonov\u00e9 a polyvinylacet\u00e1tov\u00e9 n\u00e1t\u011bry, barvy na b\u00e1zi k\u0159\u00eddy, lakovan\u00e9 podklady, plasty, d\u0159evo, kovy a vodou nam\u00e1han\u00e9 (vodorovn\u00e9) a vlhk\u00e9 plochy. <b>Aplika\u010dn\u00ed teplota (p\u0159\u00edpravku, prost\u0159ed\u00ed a podkladu): <\/b>p\u0159i aplikaci a do 24 hodin po aplikaci se mus\u00ed pohybovat v rozmez\u00ed +5 a\u017e +25 \u00b0C. N\u00e1t\u011bry se nesm\u00ed prov\u00e1d\u011bt na prudk\u00e9m slunci.<b> Nan\u00e1\u0161en\u00ed:<\/b> \u0161t\u011btkou, \u0161t\u011btcem. Aplikace je mo\u017en\u00e1 i mal\u00ed\u0159sk\u00fdmi v\u00e1le\u010dky, ale je nutn\u00e9 po\u010d\u00edtat s odst\u0159ikem od v\u00e1le\u010dku. <b>\u0158ed\u011bn\u00ed:<\/b> 1:1 s \u010distou vodou nebo 1:1:1 s vodou a barvou FN<sup>\u00ae<\/sup> PAINT SILICATE (pro n\u00e1t\u011bry v exteri\u00e9ru) \u010di FN<sup>\u00ae<\/sup> SENSITIVE SILICATE (pro n\u00e1t\u011bry v interi\u00e9ru). <b>Vydatnost:<\/b> 6 \u2013 25 m<sup>2<\/sup> z 1 kg koncentr\u00e1tu. Vydatnost se li\u0161\u00ed v z\u00e1vislosti na savosti a struktu\u0159e podkladu a tlou\u0161\u0165ce nanesen\u00e9 vrstvy. P\u0159esnou vydatnost pro konkr\u00e9tn\u00ed podklad stanovte na zku\u0161ebn\u00ed plo\u0161e. <b>Aplika\u010dn\u00ed postup: 1)<\/b> p\u0159ed aplikac\u00ed je nutn\u00e9 zakr\u00fdt v\u0161echny sklen\u011bn\u00e9, keramick\u00e9 a lakovan\u00e9 povrchy, p\u0159\u00edrodn\u00ed kameny, kovov\u00e9 a d\u0159ev\u011bn\u00e9 r\u00e1my oken a dve\u0159\u00ed, proto\u017ee silik\u00e1tov\u00e1 penetrace je m\u016f\u017ee poleptat a stopy po n\u00ed jsou, zejm\u00e9na na skle, prakticky neodstraniteln\u00e9. <b>2)<\/b> p\u0159\u00edpravek se na\u0159ed\u00ed a prom\u00edch\u00e1. <b>3)<\/b> provede se aplikace v jedn\u00e9 vrstv\u011b. Pozor na p\u0159epenetrov\u00e1n\u00ed a nedokonal\u00e9 rozet\u0159en\u00ed, stopy po ste\u010den\u00ed penetrace jsou patrn\u00e9 i po p\u0159et\u0159en\u00ed barvou. <b>4)<\/b>v\u0161echny pom\u016fcky p\u0159i pracovn\u00edch p\u0159est\u00e1vk\u00e1ch chr\u00e1nit proti zaschnut\u00ed a po pr\u00e1ci om\u00fdt vodou. <b>Doba zasych\u00e1n\u00ed<\/b>:<b> <\/b>6 \u2013 24 hod. v z\u00e1vislosti na teplot\u011b a vlhkosti. <b>P\u0159et\u00edratelnost:<\/b> po 12 \u2013 24 hodin\u00e1ch. P\u0159ed aplikac\u00ed se doporu\u010duje p\u0159e\u010dten\u00ed podrobn\u011bj\u0161\u00edch informac\u00ed uveden\u00fdch v technick\u00e9m listu v\u00fdrobku. <b>Bezpe\u010dnost: <\/b>obsahuje draseln\u00e9 vodn\u00ed sklo. Uchov\u00e1vejte mimo dosah d\u011bt\u00ed. Pou\u017e\u00edvejte ochrann\u00e9 rukavice\/ochrann\u00fd od\u011bv\/ochrann\u00e9 br\u00fdle\/obli\u010dejov\u00fd \u0161t\u00edt. P\u0159i nan\u00e1\u0161en\u00ed a schnut\u00ed v interi\u00e9ru d\u016fkladn\u011b v\u011btrejte.<b> Prvn\u00ed pomoc:<\/b> P\u0158I ZASA\u017dEN\u00cd O\u010c\u00cd: N\u011bkolik minut opatrn\u011b vyplachujte vodou. Vyjm\u011bte kontaktn\u00ed \u010do\u010dky, jsou-li nasazeny a pokud je lze vyjmout snadno. Pokra\u010dujte ve vyplachov\u00e1n\u00ed. P\u0158I STYKU S K\u016e\u017d\u00cd: Omyjte velk\u00fdm mno\u017estv\u00edm vody a m\u00fddla. P\u0159i po\u017eit\u00ed vypl\u00e1chn\u011bte \u00fasta vodou. P\u0159i obt\u00ed\u017e\u00edch vyhledejte l\u00e9ka\u0159e. Je-li nutn\u00e1 l\u00e9ka\u0159sk\u00e1 pomoc, m\u011bjte po ruce obal nebo \u0161t\u00edtek v\u00fdrobku.<b> Likvidace odpad\u016f:<\/b> Odstra\u0148te obsah\/obal v souladu s m\u00edstn\u00edmi p\u0159edpisy p\u0159ed\u00e1n\u00edm osob\u011b opr\u00e1vn\u011bn\u00e9 k likvidaci odpad\u016f nebo na m\u00edsto ur\u010den\u00e9 obc\u00ed. <b>VOC:<\/b> \u22640,5 hm. %. Mezn\u00ed hodnota VOC kat. A (h) V\u0158NH: 30 g\/l. Max. obsah VOC ve v\u00fdrobku ve stavu p\u0159ipraven\u00e9m k pou\u017eit\u00ed: \u22645 g\/l. Hustota: 1,0 g\/cm<sup>3<\/sup>. <b>Skladov\u00e1n\u00ed:<\/b> v suchu, p\u0159i +3 a\u017e +25 \u00b0C, nesm\u00ed zmrznout, chr\u00e1nit p\u0159ed p\u0159\u00edm\u00fdm slune\u010dn\u00edm z\u00e1\u0159en\u00edm. <b>Datum spot\u0159eby:<\/b> v p\u016fvodn\u00edm neotev\u0159en\u00e9m balen\u00ed do data uveden\u00e9ho na obalu (EXP.).<\/li>\n<\/ul>\n","protected":false},"excerpt":{"rendered":"<p>Silik\u00e1tov\u00fd z\u00e1kladn\u00ed penetra\u010dn\u00ed n\u00e1t\u011br pro pou\u017eit\u00ed v exteri\u00e9ru i interi\u00e9ru pro p\u0159\u00edli\u0161 sav\u00e9 podklady. Pou\u017e\u00edv\u00e1 se pod silik\u00e1tov\u00e9 barvy nebo p\u0159\u00edmo pod n\u00e1t\u011bry FN NANO\u00ae . z\u00e1kladn\u00ed penetra\u010dn\u00ed n\u00e1t\u011br do interi\u00e9ru i exteri\u00e9ru sjednocuje r\u016fznou nas\u00e1kavost podkladu zpev\u0148uje miner\u00e1ln\u00ed podklad pou\u017e\u00edv\u00e1 se jako \u0159edidlo do silik\u00e1tov\u00fdch n\u00e1t\u011brov\u00fdch hmot sou\u010d\u00e1st funk\u010dn\u00edho fotokatalytick\u00e9ho n\u00e1t\u011brov\u00e9ho syst\u00e9mu zaji\u0161\u0165uj\u00edc\u00edho aktivn\u00ed [&hellip;]<\/p>\n","protected":false},"featured_media":3822,"comment_status":"closed","ping_status":"closed","template":"","meta":{"_monsterinsights_skip_tracking":false,"_monsterinsights_sitenote_active":false,"_monsterinsights_sitenote_note":"","_monsterinsights_sitenote_category":0},"class_list":["post-3821","product","type-product","status-publish","has-post-thumbnail","hentry","product_cat-barvy-a-penetrace-pod-fn-natery"],"aioseo_notices":[],"_links":{"self":[{"href":"https:\/\/www.nano4people.cz\/shop\/wp-json\/wp\/v2\/product\/3821","targetHints":{"allow":["GET"]}}],"collection":[{"href":"https:\/\/www.nano4people.cz\/shop\/wp-json\/wp\/v2\/product"}],"about":[{"href":"https:\/\/www.nano4people.cz\/shop\/wp-json\/wp\/v2\/types\/product"}],"replies":[{"embeddable":true,"href":"https:\/\/www.nano4people.cz\/shop\/wp-json\/wp\/v2\/comments?post=3821"}],"wp:featuredmedia":[{"embeddable":true,"href":"https:\/\/www.nano4people.cz\/shop\/wp-json\/wp\/v2\/media\/3822"}],"wp:attachment":[{"href":"https:\/\/www.nano4people.cz\/shop\/wp-json\/wp\/v2\/media?parent=3821"}],"curies":[{"name":"wp","href":"https:\/\/api.w.org\/{rel}","templated":true}]}}