{"id":3819,"date":"2021-03-10T11:00:50","date_gmt":"2021-03-10T10:00:50","guid":{"rendered":"https:\/\/nano4people.dev.wd7.cz\/?post_type=product&#038;p=3819"},"modified":"2025-01-22T14:22:49","modified_gmt":"2025-01-22T13:22:49","slug":"fn-primer-acrylic-5-kg","status":"publish","type":"product","link":"https:\/\/www.nano4people.cz\/shop\/produkt\/fn-primer-acrylic-5-kg\/","title":{"rendered":"FN\u00ae PRIMER ACRYLIC, 5 kg"},"content":{"rendered":"<p style=\"text-align: justify;\"><strong>Pigmentovan\u00fd penetra\u010dn\u00ed n\u00e1t\u011br<\/strong><\/p>\n<ul style=\"text-align: justify;\">\n<li><strong>zpev\u0148uje podklad<\/strong><\/li>\n<li><strong>sni\u017euje a sjednocuje r\u016fznou nas\u00e1kavost podkladu<\/strong><\/li>\n<li><strong>v\u00fdrazn\u011b zvy\u0161uje kryvost a p\u0159\u00eddr\u017enost vrchn\u00edch vrstev<\/strong><\/li>\n<li><strong>p\u0159ipraven k okam\u017eit\u00e9mu pou\u017eit\u00ed<\/strong><\/li>\n<li><strong>sou\u010d\u00e1st funk\u010dn\u00edho fotokatalytick\u00e9ho n\u00e1t\u011brov\u00e9ho syst\u00e9mu zaji\u0161\u0165uj\u00edc\u00edho aktivn\u00ed samo\u010di\u0161t\u011bn\u00ed povrchu, odolnost v\u016f\u010di mikroorganism\u016fm, dokonalou ochranu podkladu proti UV z\u00e1\u0159en\u00ed a \u00fa\u010dinn\u00e9 \u010di\u0161t\u011bn\u00ed vzduchu<\/strong><\/li>\n<\/ul>\n<p style=\"text-align: justify;\"><strong>vydatnost: <\/strong>2,5 \u2013 8 m<sup>2<\/sup> z 1 kg<\/p>\n<p style=\"text-align: justify;\"><strong>Pou\u017eit\u00ed:<\/strong> jako z\u00e1kladn\u00ed n\u00e1t\u011br p\u0159ed aplikac\u00ed n\u00e1t\u011brov\u00e9 hmoty FN\u00ae PAINT ACRYLIC. V\u00fdrobek podklad zpevn\u00ed, sn\u00ed\u017e\u00ed a sjednot\u00ed jeho r\u016fznou nas\u00e1kavost, v\u00fdrazn\u011b zv\u00fd\u0161\u00ed p\u0159\u00eddr\u017enost a kryc\u00ed schopnost vrchn\u00edch vrstev. N\u00e1t\u011br je p\u0159ipraven k pou\u017eit\u00ed do vnit\u0159n\u00edch i venkovn\u00edch prostor. <strong>Odst\u00edn:<\/strong> b\u00edl\u00fd a odst\u00edny dle aktu\u00e1ln\u00ed nab\u00eddky. <strong>Podklad:<\/strong> soudr\u017en\u00fd, such\u00fd, nemastn\u00fd, bez ne\u010distot a biologick\u00e9ho napaden\u00ed (pl\u00edsn\u011b, \u0159asy), nezasolen\u00fd. Nov\u00e9 om\u00edtky mus\u00ed b\u00fdt vyzr\u00e1l\u00e9, kontrolu lze prov\u00e9st pH testerem. <strong>Aplika\u010dn\u00ed teplota (p\u0159\u00edpravku, prost\u0159ed\u00ed a podkladu): <\/strong>p\u0159i aplikaci a do 24 hodin po aplikaci se mus\u00ed pohybovat v rozmez\u00ed +5 a\u017e +30 \u00b0C. <strong>Nan\u00e1\u0161en\u00ed:<\/strong>\u0161t\u011btkou, \u0161t\u011btcem nebo v\u00e1le\u010dkem. <strong>Vydatnost:<\/strong> 2,5 \u2013 8 m<sup>2<\/sup> z 1 kg podle savosti a struktury podkladu. <strong>P\u0159\u00edklad aplika\u010dn\u00edho postupu:<\/strong> 1) p\u0159ed pou\u017eit\u00edm \u0159\u00e1dn\u011b prom\u00edchat. Nan\u00e1\u0161\u00ed se v jedn\u00e9 vrstv\u011b ne\u0159ed\u011bn\u00fd nebo z\u0159ed\u011bn\u00fd max. 0,05 l vody na 1 kg p\u0159\u00edpravku. V\u00fdrobek se nesm\u00ed p\u0159e\u0159edit! 2) po zaschnut\u00ed (min. 24 hod.) n\u00e1sleduje povrchov\u00e1 \u00faprava fas\u00e1dn\u00ed barvou FN\u00ae PAINT ACRYLIC. 3) v\u0161echny pom\u016fcky p\u0159i pracovn\u00edch p\u0159est\u00e1vk\u00e1ch chr\u00e1nit proti zaschnut\u00ed a po pr\u00e1ci om\u00fdt vodou. Podrobn\u011bj\u0161\u00ed informace jsou uveden\u00e9 v technick\u00e9m listu v\u00fdrobku. <strong>Bezpe\u010dnost: <\/strong>obsahuje biocidn\u00ed p\u0159\u00edpravky. Obsahuje 1,2-benzoisothiazolin-3-on a reak\u010dn\u00ed sm\u011bs: 5-chlor-2-methylisothiazol-3(2H)-on a 2-methylisothiazol-3(2H)-on (3:1). M\u016f\u017ee vyvolat alergickou reakci. Uchov\u00e1vejte mimo dosah d\u011bt\u00ed. Doporu\u010dujeme pou\u017e\u00edvat ochrann\u00e9 br\u00fdle a pracovn\u00ed od\u011bv. P\u0159i nan\u00e1\u0161en\u00ed a schnut\u00ed v interi\u00e9ru d\u016fkladn\u011b v\u011btrejte. P\u0159i aplikaci st\u0159\u00edk\u00e1n\u00edm nevdechujte aerosoly. <strong>Prvn\u00ed pomoc:<\/strong> zasa\u017een\u00e9 o\u010di vypl\u00e1chn\u011bte vodou. P\u0159i po\u017eit\u00ed vypl\u00e1chn\u011bte \u00fasta vodou. Pot\u0159\u00edsn\u011bnou poko\u017eku omyjte vodou a m\u00fddlem. P\u0159i obt\u00ed\u017e\u00edch vyhledejte l\u00e9ka\u0159e. Je-li nutn\u00e1 l\u00e9ka\u0159sk\u00e1 pomoc, m\u011bjte po ruce obal nebo \u0161t\u00edtek v\u00fdrobku. <strong>Likvidace odpad\u016f: <\/strong>Odstra\u0148te obsah\/obal v souladu s m\u00edstn\u00edmi p\u0159edpisy p\u0159ed\u00e1n\u00edm osob\u011b opr\u00e1vn\u011bn\u00e9 k likvidaci odpad\u016f nebo na m\u00edsto ur\u010den\u00e9 obc\u00ed. <strong>VOC:<\/strong> \u22640,2 hm. %. Mezn\u00ed hodnota VOC kat. A (h) V\u0158NH: 30 g\/l. Max. obsah VOC ve v\u00fdrobku ve stavu p\u0159ipraven\u00e9m k pou\u017eit\u00ed: \u22643 g\/l. Hustota: cca 1,44 g\/cm<sup>3<\/sup>. <strong>Skladov\u00e1n\u00ed:<\/strong> v suchu, p\u0159i +3 a\u017e +30 \u00b0C, nesm\u00ed zmrznout, chr\u00e1nit p\u0159ed p\u0159\u00edm\u00fdm slune\u010dn\u00edm z\u00e1\u0159en\u00edm. P\u0159\u00edpadn\u00fd m\u00edrn\u00fd sediment nen\u00ed na z\u00e1vadu. <strong>Datum spot\u0159eby:<\/strong> v p\u016fvodn\u00edm neotev\u0159en\u00e9m balen\u00ed do data uveden\u00e9ho na obalu (EXP.).<\/p>\n","protected":false},"excerpt":{"rendered":"<p>Pigmentovan\u00fd penetra\u010dn\u00ed n\u00e1t\u011br zpev\u0148uje podklad sni\u017euje a sjednocuje r\u016fznou nas\u00e1kavost podkladu v\u00fdrazn\u011b zvy\u0161uje kryvost a p\u0159\u00eddr\u017enost vrchn\u00edch vrstev p\u0159ipraven k okam\u017eit\u00e9mu pou\u017eit\u00ed sou\u010d\u00e1st funk\u010dn\u00edho fotokatalytick\u00e9ho n\u00e1t\u011brov\u00e9ho syst\u00e9mu zaji\u0161\u0165uj\u00edc\u00edho aktivn\u00ed samo\u010di\u0161t\u011bn\u00ed povrchu, odolnost v\u016f\u010di mikroorganism\u016fm, dokonalou ochranu podkladu proti UV z\u00e1\u0159en\u00ed a \u00fa\u010dinn\u00e9 \u010di\u0161t\u011bn\u00ed vzduchu vydatnost: 2,5 \u2013 8 m2 z 1 kg Pou\u017eit\u00ed: jako z\u00e1kladn\u00ed [&hellip;]<\/p>\n","protected":false},"featured_media":3820,"comment_status":"closed","ping_status":"closed","template":"","meta":{"_monsterinsights_skip_tracking":false,"_monsterinsights_sitenote_active":false,"_monsterinsights_sitenote_note":"","_monsterinsights_sitenote_category":0},"class_list":["post-3819","product","type-product","status-publish","has-post-thumbnail","hentry","product_cat-barvy-a-penetrace-pod-fn-natery"],"aioseo_notices":[],"_links":{"self":[{"href":"https:\/\/www.nano4people.cz\/shop\/wp-json\/wp\/v2\/product\/3819","targetHints":{"allow":["GET"]}}],"collection":[{"href":"https:\/\/www.nano4people.cz\/shop\/wp-json\/wp\/v2\/product"}],"about":[{"href":"https:\/\/www.nano4people.cz\/shop\/wp-json\/wp\/v2\/types\/product"}],"replies":[{"embeddable":true,"href":"https:\/\/www.nano4people.cz\/shop\/wp-json\/wp\/v2\/comments?post=3819"}],"wp:featuredmedia":[{"embeddable":true,"href":"https:\/\/www.nano4people.cz\/shop\/wp-json\/wp\/v2\/media\/3820"}],"wp:attachment":[{"href":"https:\/\/www.nano4people.cz\/shop\/wp-json\/wp\/v2\/media?parent=3819"}],"curies":[{"name":"wp","href":"https:\/\/api.w.org\/{rel}","templated":true}]}}