{"id":3796,"date":"2021-03-09T14:48:12","date_gmt":"2021-03-09T13:48:12","guid":{"rendered":"https:\/\/nano4people.dev.wd7.cz\/?post_type=product&#038;p=3796"},"modified":"2022-08-05T08:27:26","modified_gmt":"2022-08-05T06:27:26","slug":"funkcni-nater-fn-aqua-5-litru","status":"publish","type":"product","link":"https:\/\/www.nano4people.cz\/shop\/produkt\/funkcni-nater-fn-aqua-5-litru\/","title":{"rendered":"FN\u00ae AQUA, 5 l"},"content":{"rendered":"<p>FN<sup>\u00ae<\/sup> AQUA je speci\u00e1ln\u00ed miner\u00e1ln\u00ed p\u0159\u00edpravek, kter\u00fd se p\u0159id\u00e1v\u00e1 do baz\u00e9nov\u00e9 vody, kde slou\u017e\u00ed ke sn\u00ed\u017een\u00ed spot\u0159eby chemick\u00fdch p\u0159\u00edpravk\u016f a na bez chemickou \u00fadr\u017ebu zahradn\u00edch jez\u00edrek a akv\u00e1ri\u00ed.<\/p>\n<p>FN<sup>\u00ae<\/sup>\u00a0AQUA je v\u00fdsledkem na\u0161eho dlouholet\u00e9ho v\u00fdzkumu a v\u00fdvoje v oblasti vyu\u017eit\u00ed fotokatalytick\u00e9ho jevu pro \u010di\u0161t\u011bn\u00ed vody od \u0161kodliv\u00fdch l\u00e1tek a k ochran\u011b proti p\u0159emno\u017een\u00ed mikroorganism\u016f. Obsa\u017een\u00e9 miner\u00e1ly \u00fa\u010dinn\u011b br\u00e1n\u00ed ve vod\u011b p\u0159emno\u017een\u00ed ne\u017e\u00e1douc\u00edch mikroorganism\u016f. Umo\u017e\u0148uj\u00ed tak sn\u00ed\u017eit mno\u017estv\u00ed chemick\u00fdch prost\u0159edk\u016f pou\u017e\u00edvan\u00fdch pro \u00fadr\u017ebu baz\u00e9nov\u00e9 vody a zachovat p\u0159itom jej\u00ed dobrou kvalitu. Efekt je aktivov\u00e1n denn\u00edm sv\u011btlem nebo v UV z\u00e1\u0159ivkou.<\/p>\n<p>Pou\u017e\u00edv\u00e1n\u00ed\u00a0 FN<sup>\u00ae<\/sup>\u00a0AQUA je zcela bezpe\u010dn\u00e9 pro vy\u0161\u0161\u00ed organismy (p\u016fsob\u00ed jen na mikrorganismy). Miner\u00e1ln\u00ed l\u00e1tky, kter\u00e9 suspenze\u00a0obsahuje, nez\u016fst\u00e1vaj\u00ed (na rozd\u00edl od poz\u016fstatk\u016f chlorov\u00e9 chemie) ve vod\u011b baz\u00e9nu, ale jsou postupn\u011b zachyceny v p\u00edskov\u00e9 filtraci nebo filtra\u010dn\u00edm syst\u00e9mu.<\/p>\n<p>FN<sup>\u00ae<\/sup> AQUA je mo\u017eno pou\u017e\u00edvat soub\u011b\u017en\u011b jak s chemick\u00fdmi prost\u0159edky, tak i\u00a0 aktivn\u00edm kysl\u00edkem (oz\u00f3n). P\u0159\u00edpravek je ur\u010den pro priv\u00e1tn\u00ed baz\u00e9ny, jez\u00edrka a akv\u00e1ria (pro sladkou a slanou vodu).<\/p>\n<p style=\"text-align: justify;\">Podrobn\u00e9 informace o produktu a jeho pou\u017eit\u00ed naleznete v technick\u00e9m listu:<a href=\"https:\/\/www.nano4people.cz\/shop\/wp-content\/uploads\/2021\/09\/FN-NANO-AQUA-_Tech_list_rev_21072021.pdf\">FN NANO AQUA _Tech_list_rev_21072021<\/a><\/p>\n<p>N\u00c1VOD NA POU\u017dIT\u00cd P\u0158I ZAH\u00c1JEN\u00cd SEZ\u00d3NY:\u00a0<a href=\"https:\/\/www.youtube.com\/watch?v=lFSxssnC_Wc\" target=\"_blank\" rel=\"noopener noreferrer\">https:\/\/www.youtube.com\/watch?v=lFSxssnC_Wc<\/a><\/p>\n<p>N\u00c1VOD NA POU\u017dIT\u00cd P\u0158I PR\u016eB\u011a\u017dN\u00c9 \u00daDR\u017dB\u011a VODY:\u00a0<a href=\"https:\/\/www.youtube.com\/watch?v=DECKPTwNXKQ&amp;feature=youtu.be\" target=\"_blank\" rel=\"noopener noreferrer\">https:\/\/www.youtube.com\/watch?v=DECKPTwNXKQ&amp;feature=youtu.be<\/a><\/p>\n","protected":false},"excerpt":{"rendered":"<div class=\"woocommerce-product-details__short-description\">\n<p>FN<sup>\u00ae<\/sup>\u00a0AQUA : Speci\u00e1ln\u00ed p\u0159\u00edpravek pro sn\u00ed\u017een\u00ed spot\u0159eby chemick\u00fdch p\u0159\u00edpravk\u016f p\u0159i \u00fadr\u017eb\u011b vody. Pro k\u0159i\u0161\u0165\u00e1lov\u011b \u010distou vodu a\u00a0minimalizaci negativn\u00edho vlivu baz\u00e9nov\u00e9 chemie na lidsk\u00e9 zdrav\u00ed.<\/p>\n<\/div>\n<form class=\"cart\" action=\"https:\/\/www.nano4people.cz\/shop\/produkt\/fn-aqua-05-litru\/\" enctype=\"multipart\/form-data\" method=\"post\"><\/form>\n","protected":false},"featured_media":4081,"comment_status":"open","ping_status":"closed","template":"","meta":{"_monsterinsights_skip_tracking":false,"_monsterinsights_sitenote_active":false,"_monsterinsights_sitenote_note":"","_monsterinsights_sitenote_category":0},"class_list":["post-3796","product","type-product","status-publish","has-post-thumbnail","hentry","product_cat-fnaqua-snizeni-spotreby-bazenove-chemie"],"aioseo_notices":[],"_links":{"self":[{"href":"https:\/\/www.nano4people.cz\/shop\/wp-json\/wp\/v2\/product\/3796","targetHints":{"allow":["GET"]}}],"collection":[{"href":"https:\/\/www.nano4people.cz\/shop\/wp-json\/wp\/v2\/product"}],"about":[{"href":"https:\/\/www.nano4people.cz\/shop\/wp-json\/wp\/v2\/types\/product"}],"replies":[{"embeddable":true,"href":"https:\/\/www.nano4people.cz\/shop\/wp-json\/wp\/v2\/comments?post=3796"}],"wp:featuredmedia":[{"embeddable":true,"href":"https:\/\/www.nano4people.cz\/shop\/wp-json\/wp\/v2\/media\/4081"}],"wp:attachment":[{"href":"https:\/\/www.nano4people.cz\/shop\/wp-json\/wp\/v2\/media?parent=3796"}],"curies":[{"name":"wp","href":"https:\/\/api.w.org\/{rel}","templated":true}]}}