{"id":4304,"date":"2025-10-06T14:15:14","date_gmt":"2025-10-06T12:15:14","guid":{"rendered":"https:\/\/www.nano4people.cz\/shop\/?post_type=product&#038;p=4304"},"modified":"2026-02-19T14:07:52","modified_gmt":"2026-02-19T13:07:52","slug":"sada-pro-udrzbu-kamene","status":"publish","type":"product","link":"https:\/\/www.nano4people.cz\/shop\/produkt\/sada-pro-udrzbu-kamene\/","title":{"rendered":"Sada pro \u00fadr\u017ebu kamene"},"content":{"rendered":"<section class=\"av_textblock_section \"  itemscope=\"itemscope\" itemtype=\"https:\/\/schema.org\/CreativeWork\" ><div class='avia_textblock  '   itemprop=\"text\" ><p>Sada na ochranu kamenn\u00fdch povrch\u016f obsahuje v\u0161e, co je pot\u0159eba pro mechanick\u00e9 odstran\u011bn\u00ed ne\u010distot a n\u00e1sledn\u00e9 o\u0161et\u0159en\u00ed povrchu samo\u010dist\u00edc\u00edm n\u00e1t\u011brem FN NANO<sup>\u00ae<\/sup>\u00a0Uni. Sada je ur\u010dena na \u0161pinav\u00fd povrch a po nanesen\u00ed n\u00e1t\u011bru FN NANO<sup>\u00ae<\/sup>\u00a0Uni vznikne \u0161edob\u00edl\u00e1 patina na povrchu. Povrch se bude postupn\u011b fotokatalytick\u00fdm efektem \u010distit a patina \u010dasem zmiz\u00ed.\u00a0<strong>Po vy\u010di\u0161t\u011bn\u00ed z\u016fstane povrch dlouhodob\u011b \u010dist\u00fd.<\/strong><\/p>\n<p>Sada obsahuje:<\/p>\n<ul>\n<li>Funk\u010dn\u00ed n\u00e1t\u011br FN NANO<sup>\u00ae<\/sup>\u00a0Uni 0,5 litru (na cca 7 m<sup>2<\/sup>)<\/li>\n<li>Kart\u00e1\u010d a \u0161krabku na odstran\u011bn\u00ed mechanick\u00fdch ne\u010distot z povrchu<\/li>\n<li>V\u00e1le\u010dek s vani\u010dkou na rovnom\u011brnou distribuci materi\u00e1lu<\/li>\n<li>\u0160t\u011btec na zapracov\u00e1n\u00ed materi\u00e1lu do povrchu<\/li>\n<\/ul>\n<\/div><\/section>\n<div  class='avia-image-container  av-styling-    avia-builder-el-1  el_after_av_textblock  el_before_av_image  avia-align-center '  itemprop=\"image\" itemscope=\"itemscope\" itemtype=\"https:\/\/schema.org\/ImageObject\"  ><div class='avia-image-container-inner'><div class='avia-image-overlay-wrap'><img decoding=\"async\" class='wp-image-4305 avia-img-lazy-loading-not-4305 avia_image' src=\"https:\/\/www.nano4people.cz\/shop\/wp-content\/uploads\/2025\/10\/komplet-sada-80x80.jpeg\" alt='' title='komplet-sada' height=\"80\" width=\"80\"  itemprop=\"thumbnailUrl\"  \/><\/div><\/div><\/div>\n<div  class='avia-image-container  av-styling-    avia-builder-el-2  el_after_av_image  el_before_av_image  avia-align-center '  itemprop=\"image\" itemscope=\"itemscope\" itemtype=\"https:\/\/schema.org\/ImageObject\"  ><div class='avia-image-container-inner'><div class='avia-image-overlay-wrap'><img decoding=\"async\" class='wp-image-4306 avia-img-lazy-loading-not-4306 avia_image' src=\"https:\/\/www.nano4people.cz\/shop\/wp-content\/uploads\/2025\/10\/zabalena-sada-80x80.jpeg\" alt='' title='zabalena-sada' height=\"80\" width=\"80\"  itemprop=\"thumbnailUrl\"  \/><\/div><\/div><\/div>\n<div  class='avia-image-container  av-styling-    avia-builder-el-3  el_after_av_image  el_before_av_textblock  avia-align-center '  itemprop=\"image\" itemscope=\"itemscope\" itemtype=\"https:\/\/schema.org\/ImageObject\"  ><div class='avia-image-container-inner'><div class='avia-image-overlay-wrap'><img decoding=\"async\" class='wp-image-4309 avia-img-lazy-loading-not-4309 avia_image' src=\"https:\/\/www.nano4people.cz\/shop\/wp-content\/uploads\/2025\/10\/hrob-03_11_19-80x80.jpeg\" alt='' title='hrob-03_11_19' height=\"80\" width=\"80\"  itemprop=\"thumbnailUrl\"  \/><\/div><\/div><\/div>\n<section class=\"av_textblock_section \"  itemscope=\"itemscope\" itemtype=\"https:\/\/schema.org\/CreativeWork\" ><div class='avia_textblock  '   itemprop=\"text\" ><p>Nov\u00e1 sada pro \u00fadr\u017ebu kamene:<\/p>\n<p><strong>Modern\u00ed p\u00e9\u010de o venkovn\u00ed povrchy<\/strong><\/p>\n<p>Spole\u010dnost FN NANO p\u0159edstavila nov\u00fd produkt ur\u010den\u00fd pro v\u0161echny, kdo maj\u00ed doma kamenn\u00e9 povrchy a cht\u011bj\u00ed se o n\u011b starat efektivn\u011b a dlouhodob\u011b. Sada pro \u00fadr\u017ebu kamene kombinuje mechanick\u00e9 \u010di\u0161t\u011bn\u00ed s pokro\u010dilou nanotechnologi\u00ed, kter\u00e1 chr\u00e1n\u00ed k\u00e1men p\u0159ed op\u011btovn\u00fdm zne\u010di\u0161t\u011bn\u00edm.<\/p>\n<p><strong>Co obsahuje sada a jak funguje<\/strong><\/p>\n<p>Kompletn\u00ed balen\u00ed obsahuje v\u0161e pot\u0159ebn\u00e9 pro profesion\u00e1ln\u00ed o\u0161et\u0159en\u00ed kamenn\u00fdch ploch. Najdete v n\u011bm kart\u00e1\u010d a \u0161krabku na odstran\u011bn\u00ed mech\u016f, \u0159as a dal\u0161\u00edch ne\u010distot, kter\u00e9 se na kameni usazuj\u00ed. D\u00e1le sada zahrnuje v\u00e1le\u010dek s vani\u010dkou pro rovnom\u011brn\u00e9 nanesen\u00ed ochrann\u00e9ho n\u00e1t\u011bru a \u0161t\u011btec pro d\u016fkladn\u00e9 zapracov\u00e1n\u00ed materi\u00e1lu do struktury povrchu.<\/p>\n<p>Hlavn\u00ed sou\u010d\u00e1st\u00ed je p\u016fl litru fotokatalytick\u00e9ho n\u00e1t\u011bru FN NANO\u00ae Uni, kter\u00fdm o\u0161et\u0159\u00edte p\u0159ibli\u017en\u011b 7 m\u00b2 plochy. Tento n\u00e1t\u011br p\u0159edstavuje revolu\u010dn\u00ed p\u0159\u00edstup k ochran\u011b venkovn\u00edch povrch\u016f \u2013 funguje na principu fotokatal\u00fdzy, co\u017e je fyzik\u00e1ln\u00ed proces aktivovan\u00fd b\u011b\u017en\u00fdm denn\u00edm sv\u011btlem.<\/p>\n<p><strong>Princip fotokatal\u00fdzy \u2013 ochrana bez chemie<\/strong><\/p>\n<p>Fotokatal\u00fdza je p\u0159\u00edrodn\u00ed jev, p\u0159i kter\u00e9m speci\u00e1ln\u00ed \u010d\u00e1stice v n\u00e1t\u011bru reaguj\u00ed se sv\u011btlem a vytv\u00e1\u0159ej\u00ed na povrchu ochrannou vrstvu. Na rozd\u00edl od klasick\u00fdch chemick\u00fdch p\u0159\u00edpravk\u016f, kter\u00e9 se \u010dasem vy\u010derpaj\u00ed, fotokatalytick\u00e9 vlastnosti z\u016fst\u00e1vaj\u00ed aktivn\u00ed nep\u0159etr\u017eit\u011b. N\u00e1t\u011br funguje pouze pomoc\u00ed denn\u00edho sv\u011btla, nepot\u0159ebuje elekt\u0159inu ani jin\u00e9 zdroje energie.<\/p>\n<p>Prakticky to znamen\u00e1, \u017ee o\u0161et\u0159en\u00fd povrch se s\u00e1m \u010dist\u00ed \u2013 odpuzuje saze, prachov\u00e9 \u010d\u00e1stice a br\u00e1n\u00ed usazov\u00e1n\u00ed mikroorganism\u016f jako jsou pl\u00edsn\u011b, \u0159asy a houby. Z\u00e1rove\u0148 chr\u00e1n\u00ed k\u00e1men p\u0159ed \u0161kodliv\u00fdm UV z\u00e1\u0159en\u00edm, kter\u00e9 postupn\u011b degraduje a bledne materi\u00e1l.\u200b<\/p>\n<p><strong>Pro jak\u00e9 povrchy je sada ur\u010dena<\/strong><\/p>\n<p>Sadu m\u016f\u017eete pou\u017e\u00edt na \u0161irokou \u0161k\u00e1lu p\u0159\u00edrodn\u00edch i um\u011bl\u00fdch kamen\u016f s por\u00e9zn\u00ed strukturou. Pat\u0159\u00ed mezi n\u011b beton, v\u00e1penec, p\u00edskovec, travertin a dal\u0161\u00ed podobn\u00e9 materi\u00e1ly. Ide\u00e1ln\u00ed je pro venkovn\u00ed aplikace \u2013 zahradn\u00ed dla\u017ebu, terasy, schody, sochy, ohradn\u00ed zdi nebo fas\u00e1dy.<\/p>\n<p>Sada je navr\u017eena pro ji\u017e zne\u010di\u0161t\u011bn\u00e9 povrchy, po aplikaci n\u00e1t\u011bru vznik\u00e1 na kameni \u0161edob\u00edl\u00e1 patina, kter\u00e1 se pak d\u00edky fotokatalytick\u00e9mu efektu postupn\u011b \u010dist\u00ed a povrch z\u00edsk\u00e1v\u00e1 p\u0159irozen\u00fd vzhled. Produkt je vhodn\u00fd i pro kutily, kte\u0159\u00ed si cht\u011bj\u00ed \u00fadr\u017ebu prov\u00e9st sami bez nutnosti naj\u00edmat odborn\u00edky.\u200b<\/p>\n<p><strong>Ekonomick\u00e9 a ekologick\u00e9 v\u00fdhody<\/strong><\/p>\n<p>Jednou z nejv\u011bt\u0161\u00edch p\u0159ednost\u00ed t\u00e9to technologie je dlouhodob\u00e1 \u00faspora. Povrchy o\u0161et\u0159en\u00e9 n\u00e1t\u011brem FN NANO se m\u00e9n\u011b \u0161pin\u00ed a vydr\u017e\u00ed podstatn\u011b d\u00e9le bez nutnosti opakovan\u00e9ho \u010di\u0161t\u011bn\u00ed nebo renovace. To znamen\u00e1 ni\u017e\u0161\u00ed n\u00e1klady na \u00fadr\u017ebu v pr\u016fb\u011bhu let a tak\u00e9 men\u0161\u00ed spot\u0159ebu vody a \u010distic\u00edch prost\u0159edk\u016f.\u200b<\/p>\n<p>Z ekologick\u00e9ho hlediska jde o mimo\u0159\u00e1dn\u011b \u0161etrn\u00e9 \u0159e\u0161en\u00ed \u2013 n\u00e1t\u011br nepracuje s agresivn\u00edmi chemik\u00e1liemi, ale vyu\u017e\u00edv\u00e1 p\u0159\u00edrodn\u00ed fyzik\u00e1ln\u00ed proces aktivovan\u00fd slune\u010dn\u00edm sv\u011btlem. Technologie FN NANO je patentovan\u00e1 \u010desk\u00e1 inovace, kter\u00e1 z\u00edskala mezin\u00e1rodn\u00ed uzn\u00e1n\u00ed d\u00edky sv\u00e9mu p\u0159\u00ednosu k ochran\u011b \u017eivotn\u00edho prost\u0159ed\u00ed a udr\u017eitelnosti.<\/p>\n<p><strong>Praktick\u00e9 pou\u017eit\u00ed krok za krokem<\/strong><\/p>\n<p>Aplikace je pom\u011brn\u011b jednoduch\u00e1 a zvl\u00e1dne ji ka\u017ed\u00fd zru\u010dn\u00fd \u010dlov\u011bk. Nejprve mechanicky odstran\u00edte kart\u00e1\u010dem a \u0161krabkou ve\u0161ker\u00e9 viditeln\u00e9 ne\u010distoty, mechy a \u0159asy z povrchu. Pot\u00e9 v\u00e1le\u010dek namo\u010d\u00edte do n\u00e1t\u011bru a rovnom\u011brn\u011b ho rozet\u0159ete po cel\u00e9 plo\u0161e. \u0160t\u011btcem n\u00e1sledn\u011b zapracujete materi\u00e1l do por\u00e9zn\u00ed struktury kamene, aby n\u00e1t\u011br pronikl do hloubky a zajistil maxim\u00e1ln\u00ed ochranu.<\/p>\n<p>Spot\u0159eba je ekonomick\u00e1 \u2013 p\u016fl litru n\u00e1t\u011bru pokryje p\u0159ibli\u017en\u011b 7 m\u00b2 p\u0159i spr\u00e1vn\u00e9 aplikaci ve t\u0159ech vrstv\u00e1ch. Konkr\u00e9tn\u00ed spot\u0159eba se m\u016f\u017ee li\u0161it podle savosti a hrubosti podkladu.<\/p>\n<\/div><\/section>\n","protected":false},"excerpt":{"rendered":"","protected":false},"featured_media":4305,"comment_status":"closed","ping_status":"closed","template":"","meta":{"_monsterinsights_skip_tracking":false,"_monsterinsights_sitenote_active":false,"_monsterinsights_sitenote_note":"","_monsterinsights_sitenote_category":0},"class_list":["post-4304","product","type-product","status-publish","has-post-thumbnail","hentry","product_cat-fn"],"aioseo_notices":[],"_links":{"self":[{"href":"https:\/\/www.nano4people.cz\/shop\/wp-json\/wp\/v2\/product\/4304","targetHints":{"allow":["GET"]}}],"collection":[{"href":"https:\/\/www.nano4people.cz\/shop\/wp-json\/wp\/v2\/product"}],"about":[{"href":"https:\/\/www.nano4people.cz\/shop\/wp-json\/wp\/v2\/types\/product"}],"replies":[{"embeddable":true,"href":"https:\/\/www.nano4people.cz\/shop\/wp-json\/wp\/v2\/comments?post=4304"}],"wp:featuredmedia":[{"embeddable":true,"href":"https:\/\/www.nano4people.cz\/shop\/wp-json\/wp\/v2\/media\/4305"}],"wp:attachment":[{"href":"https:\/\/www.nano4people.cz\/shop\/wp-json\/wp\/v2\/media?parent=4304"}],"curies":[{"name":"wp","href":"https:\/\/api.w.org\/{rel}","templated":true}]}}