{"id":4284,"date":"2025-01-24T14:59:07","date_gmt":"2025-01-24T13:59:07","guid":{"rendered":"https:\/\/www.nano4people.cz\/shop\/?post_type=product&#038;p=4284"},"modified":"2025-01-28T13:44:02","modified_gmt":"2025-01-28T12:44:02","slug":"uva-led-aktivator-7w-interior120","status":"publish","type":"product","link":"https:\/\/www.nano4people.cz\/shop\/produkt\/uva-led-aktivator-7w-interior120\/","title":{"rendered":"UVA LED aktiv\u00e1tor 7W \u2013 INTERIOR120"},"content":{"rendered":"<div  class='avia-gallery  avia-gallery-1 avia_lazyload avia-gallery-animate avia_animate_when_visible  avia-builder-el-0  el_before_av_textblock  avia-builder-el-first '  itemprop=\"image\" itemscope=\"itemscope\" itemtype=\"https:\/\/schema.org\/ImageObject\" ><div class='avia-gallery-thumb'> <a href='https:\/\/www.nano4people.cz\/shop\/wp-content\/uploads\/2025\/01\/konty-1030x474.jpg' data-rel='gallery-1' data-prev-img='https:\/\/www.nano4people.cz\/shop\/wp-content\/uploads\/2025\/01\/konty-495x400.jpg' class='first_thumb lightbox ' data-onclick='1' title='konty'  itemprop=\"thumbnailUrl\"  ><img decoding=\"async\" class=\"wp-image-4287 avia-img-lazy-loading-not-4287\"   src=\"https:\/\/www.nano4people.cz\/shop\/wp-content\/uploads\/2025\/01\/konty-495x400.jpg\" width=\"495\" height=\"400\"  title='konty' alt='' \/><\/a> <a href='https:\/\/www.nano4people.cz\/shop\/wp-content\/uploads\/2025\/01\/IMG_5481-1030x413.jpg' data-rel='gallery-1' data-prev-img='https:\/\/www.nano4people.cz\/shop\/wp-content\/uploads\/2025\/01\/IMG_5481-495x400.jpg' class='lightbox ' data-onclick='2' title='IMG_5481'  itemprop=\"thumbnailUrl\"  ><img decoding=\"async\" class=\"wp-image-4286 avia-img-lazy-loading-not-4286\"   src=\"https:\/\/www.nano4people.cz\/shop\/wp-content\/uploads\/2025\/01\/IMG_5481-495x400.jpg\" width=\"495\" height=\"400\"  title='IMG_5481' alt='' \/><\/a> <a href='https:\/\/www.nano4people.cz\/shop\/wp-content\/uploads\/2025\/01\/svetlo-v-mistnosti-1-1030x579.jpeg' data-rel='gallery-1' data-prev-img='https:\/\/www.nano4people.cz\/shop\/wp-content\/uploads\/2025\/01\/svetlo-v-mistnosti-1-495x400.jpeg' class='lightbox ' data-onclick='3' title='svetlo-v-mistnosti-1'  itemprop=\"thumbnailUrl\"  ><img decoding=\"async\" class=\"wp-image-4288 avia-img-lazy-loading-not-4288\"   src=\"https:\/\/www.nano4people.cz\/shop\/wp-content\/uploads\/2025\/01\/svetlo-v-mistnosti-1-495x400.jpeg\" width=\"495\" height=\"400\"  title='svetlo-v-mistnosti-1' alt='' \/><\/a> <a href='https:\/\/www.nano4people.cz\/shop\/wp-content\/uploads\/2025\/01\/IMG_1245-1030x773.jpg' data-rel='gallery-1' data-prev-img='https:\/\/www.nano4people.cz\/shop\/wp-content\/uploads\/2025\/01\/IMG_1245-495x400.jpg' class='lightbox ' data-onclick='4' title='IMG_1245'  itemprop=\"thumbnailUrl\"  ><img decoding=\"async\" class=\"wp-image-4285 avia-img-lazy-loading-not-4285\"   src=\"https:\/\/www.nano4people.cz\/shop\/wp-content\/uploads\/2025\/01\/IMG_1245-495x400.jpg\" width=\"495\" height=\"400\"  title='IMG_1245' alt='' \/><\/a><\/div><\/div>\n<section class=\"av_textblock_section \"  itemscope=\"itemscope\" itemtype=\"https:\/\/schema.org\/CreativeWork\" ><div class='avia_textblock  '   itemprop=\"text\" ><h2 class=\"product_title entry-title show-product-nav\">UVA LED aktiv\u00e1tor 7W \u2013 INTERIOR120<\/h2>\n<p>Modern\u00ed UVA aktiv\u00e1tor fotokatalytick\u00e9 nanotechnologie FN NANO<sup>\u00ae<\/sup>. Je ur\u010den pro pou\u017eit\u00ed v dom\u00e1cnostech, kancel\u00e1\u0159\u00edch, zdravotnick\u00fdch za\u0159\u00edzen\u00edch a dal\u0161\u00edch interi\u00e9rech. Nen\u00ed ur\u010den k nasv\u00edcen\u00ed prostor. Je ur\u010den k aktivaci fotokatalytick\u00e9ho povrchu FN NANO<sup>\u00ae<\/sup>\u00a0n\u00e1t\u011bru na strop\u011b, na kter\u00fd mus\u00ed m\u00ed\u0159it. Tento n\u00e1t\u011br UVA paprsky kompletn\u011b pohlcuje.<\/p>\n<p><strong><em>Sada obsahuje aktiv\u00e1tor s 36W\/12V trafem, 3m kabelem a vidlic\u00ed do z\u00e1suvky.<br \/>\n<\/em><\/strong><\/p>\n<h2 class=\"product_title entry-title show-product-nav\">Popis:<\/h2>\n<p>Pro dosa\u017een\u00ed nejv\u011bt\u0161\u00ed aktivovan\u00e9 plochy doporu\u010dujeme aktiv\u00e1tor um\u00edstit cca 40 cm od stropu a nasm\u011brovat ho \u0161ikmo na strop tak, aby ze zem\u011b nebyly LED \u010dipy vid\u011bt. Slou\u017e\u00ed k aktivaci a\u017e 10 m2 fotokatalytick\u00e9 plochy.<\/p>\n<p>Technick\u00e9 specifikace:<\/p>\n<ul>\n<li>7W, 12V<\/li>\n<li>\u017eivotnost cca 30000 hodin<\/li>\n<li>\u00fahel oz\u00e1\u0159en\u00ed 120\u00b0<\/li>\n<li>vlnov\u00e1 d\u00e9lka 360-370 nm<\/li>\n<li>rozm\u011bry 1,5 x 2 x 59 cm<\/li>\n<li>kryt\u00ed \u2013 UV-A propustn\u00e9 plexisklo<\/li>\n<\/ul>\n<table class=\"table table-striped shop_attributes\">\n<tbody>\n<tr>\n<th>Rozm\u011bry<\/th>\n<td class=\"product_dimensions\" data-o_content=\"59 \u00d7 2 \u00d7 1,5 cm\">59 \u00d7 2 \u00d7 1,5 cm<\/td>\n<\/tr>\n<\/tbody>\n<\/table>\n<\/div><\/section>\n","protected":false},"excerpt":{"rendered":"","protected":false},"featured_media":4287,"comment_status":"closed","ping_status":"closed","template":"","meta":{"_monsterinsights_skip_tracking":false,"_monsterinsights_sitenote_active":false,"_monsterinsights_sitenote_note":"","_monsterinsights_sitenote_category":0},"class_list":["post-4284","product","type-product","status-publish","has-post-thumbnail","hentry","product_cat-svetelne-zdroje"],"aioseo_notices":[],"_links":{"self":[{"href":"https:\/\/www.nano4people.cz\/shop\/wp-json\/wp\/v2\/product\/4284","targetHints":{"allow":["GET"]}}],"collection":[{"href":"https:\/\/www.nano4people.cz\/shop\/wp-json\/wp\/v2\/product"}],"about":[{"href":"https:\/\/www.nano4people.cz\/shop\/wp-json\/wp\/v2\/types\/product"}],"replies":[{"embeddable":true,"href":"https:\/\/www.nano4people.cz\/shop\/wp-json\/wp\/v2\/comments?post=4284"}],"wp:featuredmedia":[{"embeddable":true,"href":"https:\/\/www.nano4people.cz\/shop\/wp-json\/wp\/v2\/media\/4287"}],"wp:attachment":[{"href":"https:\/\/www.nano4people.cz\/shop\/wp-json\/wp\/v2\/media?parent=4284"}],"curies":[{"name":"wp","href":"https:\/\/api.w.org\/{rel}","templated":true}]}}