{"id":4172,"date":"2022-04-05T10:30:00","date_gmt":"2022-04-05T08:30:00","guid":{"rendered":"https:\/\/www.nano4people.cz\/shop\/?post_type=product&#038;p=4172"},"modified":"2025-01-22T13:52:35","modified_gmt":"2025-01-22T12:52:35","slug":"funkcni-nater-fn-nano-uni-5-l","status":"publish","type":"product","link":"https:\/\/www.nano4people.cz\/shop\/produkt\/funkcni-nater-fn-nano-uni-5-l\/","title":{"rendered":"FUNK\u010cN\u00cd N\u00c1T\u011aR FN NANO\u00ae Uni, 5 l"},"content":{"rendered":"<p><strong>FUNK\u010cN\u00cd\u00a0<\/strong><strong>N\u00c1T\u011aR FN NANO\u00aeUni<\/strong><\/p>\n<ul>\n<li><strong>Ochrann\u00fd fotokatalytick\u00fd n\u00e1t\u011br speci\u00e1ln\u011b vyvinut\u00fd pro v\u00edce\u00fa\u010delov\u00e9 pou\u017eit\u00ed do exteri\u00e9ru na nehydrofobn\u00ed povrchy<\/strong><\/li>\n<li><strong>Vhodn\u00fd na dla\u017eby, terasy, n\u00e1hrobky, pergoly, st\u0159echy apod.<\/strong><\/li>\n<li><strong>Lze pou\u017e\u00edt i na star\u0161\u00ed b\u00edl\u00e9 povrchy nap\u0159.: plasty, lod\u011b, hausb\u00f3ty, obytn\u00e9 p\u0159\u00edv\u011bsy, kde je ji\u017e dostate\u010dn\u00e1 p\u0159\u00eddr\u017enost<\/strong><\/li>\n<li><strong>N\u00e1t\u011brov\u00e1 vrstva je \u010d\u00e1ste\u010dn\u011b transparentn\u00ed s\u00a0b\u011blav\u00fdm n\u00e1dechem<\/strong><\/li>\n<li><strong>Vytvo\u0159en\u00fd samo\u010dist\u00edc\u00ed povrch tvo\u0159\u00ed dokonal\u00fd ochrann\u00fd \u0161t\u00edt proti UV z\u00e1\u0159en\u00ed, mikrobiologick\u00e9mu napaden\u00ed a usazov\u00e1n\u00edm \u0161p\u00edny rozpt\u00fdlen\u00e9 ve vzduchu<\/strong><\/li>\n<\/ul>\n<p>Jedn\u00e1 se o speci\u00e1ln\u00ed, v\u00edce\u00fa\u010delov\u00fd funk\u010dn\u00ed miner\u00e1ln\u00ed n\u00e1t\u011br\u00a0<strong>pro univerz\u00e1ln\u00ed ochranu venkovn\u00edch povrch\u016f<\/strong>, kter\u00fd funguje na b\u00e1zi fyzik\u00e1ln\u00edho jevu zvan\u00e9ho fotokatal\u00fdza. N\u00e1t\u011br FN NANO\u00ae UNI je aktivov\u00e1n denn\u00edm sv\u011btlem a m\u00e1 vysoce \u00fa\u010dinn\u00e9 ochrann\u00e9 a samo\u010dist\u00edc\u00ed schopnosti. \u00da\u010dinn\u011b a dlouhodob\u011b chr\u00e1n\u00ed povrchy proti usazov\u00e1n\u00ed \u0161p\u00edny (saze a prachov\u00e9 \u010d\u00e1stice), mikroorganism\u016f (pl\u00edsn\u011b, \u0159asy) a proti degradaci UV z\u00e1\u0159en\u00edm. Jeho ochrann\u00e9 a samo\u010dist\u00edc\u00ed vlastnosti jsou\u00a0<strong>na rozd\u00edl od chemick\u00fdch p\u0159\u00edpravk\u016f nevy\u010derpateln\u00e9<\/strong>.\u00a0<strong>Vysok\u00e1 prody\u0161nost a paropropustnost.<\/strong><\/p>\n<p><strong><em>Spot\u0159eba:\u00a0<\/em><\/strong>Typicky 1 litr p\u0159i st\u0159\u00edk\u00e1n\u00ed = 15 m<sup>2\u00a0<\/sup>ochrann\u00e9ho povrchu ve dvou vrstv\u00e1ch. P\u0159i pou\u017eit\u00ed v\u00e1le\u010dku a \u0161t\u011btce ve dvou vrstv\u00e1ch u sav\u00fdch podklad\u016f typicky 10 m<sup>2<\/sup>. Z\u00e1le\u017e\u00ed na savosti a hrubosti povrchu.<\/p>\n<p>Podrobn\u00e9 informace o produktu a jeho pou\u017eit\u00ed naleznete\u00a0<a href=\"https:\/\/fn-nano.com\/wp-content\/uploads\/2022\/10\/FN-NANO-UNI_Tech_list_04102022.pdf-A.pdf\" target=\"_blank\" rel=\"noopener\">zde v technick\u00e9m listu.<\/a><\/p>\n<div>\n<p>PoS (Prohl\u00e1\u0161en\u00ed o shod\u011b)\u00a0<a href=\"https:\/\/fn-nano.com\/wp-content\/uploads\/2022\/03\/PROHLASENI-O-SHODE-FN-NANO-UNI_A.pdf\" target=\"_blank\" rel=\"noopener\">ke sta\u017een\u00ed zde.<\/a><\/p>\n<\/div>\n<p>PoV (Prohl\u00e1\u0161en\u00ed o vlastnostech)\u00a0<a href=\"https:\/\/fn-nano.com\/wp-content\/uploads\/2022\/03\/PoV_FN_NANO_UNI-final_A.pdf\" target=\"_blank\" rel=\"noopener\">ke sta\u017een\u00ed zde<\/a>.<\/p>\n","protected":false},"excerpt":{"rendered":"<p>Jedn\u00e1 se o speci\u00e1ln\u00ed, v\u00edce\u00fa\u010delov\u00fd funk\u010dn\u00ed miner\u00e1ln\u00ed n\u00e1t\u011br\u00a0<strong>pro univerz\u00e1ln\u00ed ochranu venkovn\u00edch povrch\u016f<\/strong>, kter\u00fd funguje na b\u00e1zi fyzik\u00e1ln\u00edho jevu zvan\u00e9ho fotokatal\u00fdza. N\u00e1t\u011br FN NANO\u00ae Uni je aktivov\u00e1n denn\u00edm sv\u011btlem a m\u00e1 vysoce \u00fa\u010dinn\u00e9 ochrann\u00e9 a samo\u010dist\u00edc\u00ed schopnosti. \u00da\u010dinn\u011b a dlouhodob\u011b chr\u00e1n\u00ed povrchy proti usazov\u00e1n\u00ed \u0161p\u00edny (saze a prachov\u00e9 \u010d\u00e1stice), mikroorganism\u016f (pl\u00edsn\u011b, \u0159asy) a proti degradaci UV z\u00e1\u0159en\u00edm. Jeho ochrann\u00e9 a samo\u010dist\u00edc\u00ed vlastnosti jsou\u00a0<strong>na rozd\u00edl od chemick\u00fdch p\u0159\u00edpravk\u016f nevy\u010derpateln\u00e9<\/strong>.\u00a0<strong>Vysok\u00e1 prody\u0161nost a paropropustnost.\u00a0<\/strong>Vytvo\u0159en\u00e1 vrstva je z 85 % pr\u016fhledn\u00e1, v po\u010d\u00e1tku s m\u00edrn\u011b b\u011blav\u00fdm n\u00e1dechem (vytvo\u0159\u00ed lehce matn\u00fd jakoby voskov\u00fd film), kter\u00fd \u010dasem zmiz\u00ed.<\/p>\n<ul>\n<li><strong>Ochrann\u00fd fotokatalytick\u00fd n\u00e1t\u011br speci\u00e1ln\u011b vyvinut\u00fd pro v\u00edce\u00fa\u010delov\u00e9 pou\u017eit\u00ed do exteri\u00e9ru na nehydrofobn\u00ed povrchy<\/strong><\/li>\n<li><strong>Vhodn\u00fd na dla\u017eby, terasy, n\u00e1hrobky, pergoly, st\u0159echy apod.<\/strong><\/li>\n<li><strong>Lze pou\u017e\u00edt i na star\u0161\u00ed b\u00edl\u00e9 povrchy nap\u0159.: plasty, lod\u011b, hausb\u00f3ty, obytn\u00e9 p\u0159\u00edv\u011bsy, kde je ji\u017e dostate\u010dn\u00e1 p\u0159\u00eddr\u017enost<\/strong><\/li>\n<li><strong>N\u00e1t\u011brov\u00e1 vrstva je \u010d\u00e1ste\u010dn\u011b transparentn\u00ed s\u00a0b\u011blav\u00fdm n\u00e1dechem<\/strong><\/li>\n<li><strong>Vytvo\u0159en\u00fd samo\u010dist\u00edc\u00ed povrch tvo\u0159\u00ed dokonal\u00fd ochrann\u00fd \u0161t\u00edt proti UV z\u00e1\u0159en\u00ed, mikrobiologick\u00e9mu napaden\u00ed a usazov\u00e1n\u00edm \u0161p\u00edny rozpt\u00fdlen\u00e9 ve vzduchu<\/strong><\/li>\n<\/ul>\n<p>&nbsp;<\/p>\n<p><strong>V\u00fdstra\u017en\u00e9 symboly nebezpe\u010dnosti<\/strong><\/p>\n<p><img loading=\"lazy\" decoding=\"async\" class=\"alignnone size-thumbnail wp-image-4202\" src=\"https:\/\/www.nano4people.cz\/shop\/wp-content\/uploads\/2021\/02\/19081-608-80x80.jpg\" alt=\"\" width=\"80\" height=\"80\" \/><\/p>\n<p><strong>Standardn\u00ed v\u011bty o nebezpe\u010dnosti\u00a0<\/strong><br \/>\n<strong>H410\u00a0 \u00a0<\/strong><br \/>\nVysoce toxick\u00fd pro vodn\u00ed organismy, s dlouhodob\u00fdmi \u00fa\u010dinky.<\/p>\n<p><strong>Pokyny pro bezpe\u010dn\u00e9 zach\u00e1zen\u00ed<\/strong><br \/>\n<strong>P102<br \/>\n<\/strong>Uchov\u00e1vejte mimo dosah d\u011bt\u00ed.<strong><br \/>\nP273\u00a0<\/strong><br \/>\nZabra\u0148te uvoln\u011bn\u00ed do \u017eivotn\u00edho prost\u0159ed\u00ed.<br \/>\n<strong>P208\u00a0<\/strong><br \/>\nPou\u017e\u00edvejte ochrann\u00e9 rukavice\/ochrann\u00fd od\u011bv\/ochrann\u00e9 br\u00fdle.<br \/>\n<strong>P302+P352\u00a0<\/strong><br \/>\nP\u0159i styku s k\u016f\u017e\u00ed: Omyjte velk\u00fdm mno\u017estv\u00edm vody a m\u00fddla.<br \/>\n<strong>P391<\/strong><br \/>\nUnikl\u00fd produkt seberte.<br \/>\n<strong>P501<\/strong><br \/>\nOdstra\u0148te obsah\/obal podle platn\u00fdch p\u0159edpis\u016f.<\/p>\n<p><strong>Dopl\u0148uj\u00edc\u00ed informace<\/strong><br \/>\n<strong>EUH211\u00a0 \u00a0<\/strong><br \/>\nPozor! P\u0159i post\u0159iku se mohou vytv\u00e1\u0159et nebezpe\u010dn\u00e9 respirabiln\u00ed kapi\u010dky. Nevdechujte aerosoly nebo mlhu.<\/p>\n","protected":false},"featured_media":4211,"comment_status":"closed","ping_status":"closed","template":"","meta":{"_monsterinsights_skip_tracking":false,"_monsterinsights_sitenote_active":false,"_monsterinsights_sitenote_note":"","_monsterinsights_sitenote_category":0},"class_list":["post-4172","product","type-product","status-publish","has-post-thumbnail","hentry","product_cat-fn"],"aioseo_notices":[],"_links":{"self":[{"href":"https:\/\/www.nano4people.cz\/shop\/wp-json\/wp\/v2\/product\/4172","targetHints":{"allow":["GET"]}}],"collection":[{"href":"https:\/\/www.nano4people.cz\/shop\/wp-json\/wp\/v2\/product"}],"about":[{"href":"https:\/\/www.nano4people.cz\/shop\/wp-json\/wp\/v2\/types\/product"}],"replies":[{"embeddable":true,"href":"https:\/\/www.nano4people.cz\/shop\/wp-json\/wp\/v2\/comments?post=4172"}],"wp:featuredmedia":[{"embeddable":true,"href":"https:\/\/www.nano4people.cz\/shop\/wp-json\/wp\/v2\/media\/4211"}],"wp:attachment":[{"href":"https:\/\/www.nano4people.cz\/shop\/wp-json\/wp\/v2\/media?parent=4172"}],"curies":[{"name":"wp","href":"https:\/\/api.w.org\/{rel}","templated":true}]}}