{"id":3974,"date":"2021-06-02T13:18:25","date_gmt":"2021-06-02T11:18:25","guid":{"rendered":"https:\/\/www.nano4people.cz\/shop\/?post_type=product&#038;p=3974"},"modified":"2025-01-24T14:39:54","modified_gmt":"2025-01-24T13:39:54","slug":"led-svetlo-uvgs-tectum-al","status":"publish","type":"product","link":"https:\/\/www.nano4people.cz\/shop\/produkt\/led-svetlo-uvgs-tectum-al\/","title":{"rendered":"LED SV\u011aTLO UVGS TECTUM AL"},"content":{"rendered":"<p style=\"text-align: justify;\">Modern\u00ed line\u00e1rn\u00ed z\u00e1v\u011bsn\u00e1 sv\u00edtidla ur\u010den\u00e1 pro osv\u011btlen\u00ed kancel\u00e1\u0159\u00ed, komer\u010dn\u00edch prostor, zdravotn\u00edch za\u0159\u00edzen\u00ed a dal\u0161\u00edch interi\u00e9r\u016f, kde je po\u017eadavek na v\u00fdkonn\u00e9 osv\u011btlen\u00ed v kombinaci se zdrojem UVA ur\u010den\u00fdm k aktivaci fotokatalytick\u00e9 nano technologie FN NANO.<\/p>\n<p style=\"text-align: justify;\">UVGS TECTUM je nab\u00edzeno ve dvou proveden\u00edch:<\/p>\n<p style=\"text-align: justify;\">1. TECTUM \u2013 A: Aktiva\u010dn\u00ed zdroj bez sv\u011bteln\u00e9ho zdroje.<br \/>\n<strong>2. TECTUM \u2013 AL: Multifunk\u010dn\u00ed sv\u00edtidlo \u2013 kombinace aktiva\u010dn\u00edch zdroj\u016f a sv\u011bteln\u00e9ho zdroje, kter\u00fd spl\u0148uje po\u017eadavky na osv\u011btlen\u00ed interi\u00e9r\u016f.<\/strong><\/p>\n<p style=\"text-align: justify;\">Ve dvou barevn\u00fdch proveden\u00edch b\u00edl\u00e9 a hlin\u00edk. Pokud nen\u00ed v objedn\u00e1vce jinak specifikov\u00e1no standardn\u00ed dod\u00e1n\u00ed je v barv\u011b \u00a0hlin\u00edk.<\/p>\n<p style=\"text-align: justify;\">Z\u00e1kladem produkt\u016f je hlin\u00edkov\u00fd profil uzp\u016fsoben\u00fd pro maxim\u00e1ln\u00ed odvod tepla, osazen\u00fd v\u00fdkonn\u00fdmi led diodami UVA.<\/p>\n<p style=\"text-align: justify;\">Pro aktivaci nano technologie slou\u017e\u00ed UVA Led zdroj, kter\u00fd je chr\u00e1n\u011bn speci\u00e1ln\u00edm \u010dir\u00fdm difuzorem propou\u0161t\u011bj\u00edc\u00ed UVA z\u00e1\u0159en\u00ed.<\/p>\n","protected":false},"excerpt":{"rendered":"<p>Modern\u00ed line\u00e1rn\u00ed z\u00e1v\u011bsn\u00e9 sv\u00edtidlo ur\u010den\u00e1 pro osv\u011btlen\u00ed kancel\u00e1\u0159\u00ed, komer\u010dn\u00edch prostor, zdravotn\u00edch za\u0159\u00edzen\u00ed a dal\u0161\u00edch interi\u00e9r\u016f, kde je\u00a0po\u017eadavek na v\u00fdkonn\u00e9 osv\u011btlen\u00ed v kombinaci se zdrojem UVA ur\u010den\u00fdm k aktivaci povrchu FN NANO.<\/p>\n<p>Pro velikost pokryt\u00ed v m\u00edstnosti si zde m\u016f\u017eete prohl\u00e9dnout technick\u00fd list k produktu: <a href=\"https:\/\/www.nano4people.cz\/shop\/wp-content\/uploads\/2021\/05\/TECTUM.pdf\">TECTUM<\/a><\/p>\n","protected":false},"featured_media":3975,"comment_status":"closed","ping_status":"closed","template":"","meta":{"_monsterinsights_skip_tracking":false,"_monsterinsights_sitenote_active":false,"_monsterinsights_sitenote_note":"","_monsterinsights_sitenote_category":0},"class_list":["post-3974","product","type-product","status-publish","has-post-thumbnail","hentry","product_cat-svetelne-zdroje"],"aioseo_notices":[],"_links":{"self":[{"href":"https:\/\/www.nano4people.cz\/shop\/wp-json\/wp\/v2\/product\/3974","targetHints":{"allow":["GET"]}}],"collection":[{"href":"https:\/\/www.nano4people.cz\/shop\/wp-json\/wp\/v2\/product"}],"about":[{"href":"https:\/\/www.nano4people.cz\/shop\/wp-json\/wp\/v2\/types\/product"}],"replies":[{"embeddable":true,"href":"https:\/\/www.nano4people.cz\/shop\/wp-json\/wp\/v2\/comments?post=3974"}],"wp:featuredmedia":[{"embeddable":true,"href":"https:\/\/www.nano4people.cz\/shop\/wp-json\/wp\/v2\/media\/3975"}],"wp:attachment":[{"href":"https:\/\/www.nano4people.cz\/shop\/wp-json\/wp\/v2\/media?parent=3974"}],"curies":[{"name":"wp","href":"https:\/\/api.w.org\/{rel}","templated":true}]}}