{"id":3806,"date":"2021-03-10T10:38:09","date_gmt":"2021-03-10T09:38:09","guid":{"rendered":"https:\/\/nano4people.dev.wd7.cz\/?post_type=product&#038;p=3806"},"modified":"2025-01-22T14:16:33","modified_gmt":"2025-01-22T13:16:33","slug":"fn-sensitive-silicate-5-kg","status":"publish","type":"product","link":"https:\/\/www.nano4people.cz\/shop\/produkt\/fn-sensitive-silicate-5-kg\/","title":{"rendered":"FN\u00ae SENSITIVE SILICATE, 5 kg"},"content":{"rendered":"<p style=\"text-align: justify;\"><strong>FN<sup>\u00ae<\/sup> SENSITIVE SILICATE<\/strong><\/p>\n<p style=\"text-align: justify;\"><strong>Silik\u00e1tov\u00e1 barva do vnit\u0159n\u00edho i venkovn\u00edho prost\u0159ed\u00ed (podklad do interi\u00e9ru pro aplikaci ochrann\u00e9ho funk\u010dn\u00edho n\u00e1t\u011bru FN NANO<sup>\u00ae<\/sup> )<\/strong><\/p>\n<ul style=\"text-align: justify;\">\n<li><strong>sou\u010d\u00e1st funk\u010dn\u00edho fotokatalytick\u00e9ho n\u00e1t\u011brov\u00e9ho syst\u00e9mu zaji\u0161\u0165uj\u00edc\u00edho aktivn\u00ed samo\u010di\u0161t\u011bn\u00ed povrchu, odolnost v\u016f\u010di mikroorganism\u016fm, dokonalou ochranu podkladu proti UV z\u00e1\u0159en\u00ed a \u00fa\u010dinn\u00e9 \u010di\u0161t\u011bn\u00ed vzduchu<\/strong><\/li>\n<li><strong>sn\u00ed\u017een\u00e9 riziko alergick\u00fdch reakc\u00ed<\/strong><\/li>\n<li><strong>vy\u0161\u0161\u00ed odolnost proti pl\u00edsn\u00edm<\/strong><\/li>\n<li><strong>\u0161etrn\u00e1 k \u017eivotn\u00edmu prost\u0159ed\u00ed a lidsk\u00e9mu zdrav\u00ed<\/strong><\/li>\n<li><strong>neobsahuje zm\u011bk\u010dovadla a t\u011b\u017ek\u00e9 kovy<\/strong><\/li>\n<li><strong>bez p\u0159\u00eddavku biocid\u016f a formaldehydu<\/strong><\/li>\n<\/ul>\n<p style=\"text-align: justify;\"><strong>vydatnost: 6 \u2013 10 m<sup>2<\/sup> z 1 kg barvy v jedn\u00e9 vrstv\u011b<\/strong><\/p>\n<p style=\"text-align: justify;\"><b>Pou\u017eit\u00ed:<\/b> silik\u00e1tov\u00e1 vodou \u0159editeln\u00e1 interi\u00e9rov\u00e1 mal\u00ed\u0159sk\u00e1 barva <strong>\u0161etrn\u00e1 k \u017eivotn\u00edmu prost\u0159ed\u00ed a lidsk\u00e9mu zdrav\u00ed s mimo\u0159\u00e1dn\u011b n\u00edzk\u00fdm obsahem t\u011bkav\u00fdch organick\u00fdch l\u00e1tek (VOC \u22640,1 g\/l), bez APEO, bez t\u011b\u017ek\u00fdch kov\u016f, bez p\u0159\u00eddavku biocid\u016f, bez parfemace.<\/strong> Barva nep\u016fsob\u00ed nep\u0159\u00edzniv\u011b na zdrav\u00e9 klima v interi\u00e9ru a d\u00edky sv\u00e9mu slo\u017een\u00ed je sn\u00ed\u017eeno riziko nep\u0159\u00edzniv\u00fdch reakc\u00ed p\u0159i v\u00fdmalb\u011b u alergik\u016f a lid\u00ed p\u0159ecitliv\u011bl\u00fdch na p\u0159\u00edtomnost chemick\u00fdch l\u00e1tek. Z\u00e1sadit\u00e1 miner\u00e1ln\u00ed povaha n\u00e1t\u011bru eliminuje riziko brzk\u00e9ho napaden\u00ed pl\u00edsn\u00ed. Barva je vhodn\u00e1 pro v\u00fdmalbu v senzitivn\u00edm prost\u0159ed\u00ed obytn\u00fdch i ve\u0159ejn\u00fdch budov, \u0161kol, \u0161kolek, nemocnic, domov\u016f d\u016fchodc\u016f apod. a vzhledem k silik\u00e1tov\u00e9 povaze i k v\u00fdmalb\u011b v\u011bt\u0161iny pam\u00e1tkov\u00fdch objekt\u016f. Barva je ur\u010dena k n\u00e1t\u011br\u016fm st\u011bn a strop\u016f. Vhodn\u00fdm podkladem jsou v\u00e1penn\u00e9 a v\u00e1penocemento\u00adv\u00e9 om\u00edtky, sana\u010dn\u00ed om\u00edtky, betonov\u00e9 panely a monolity nebo soudr\u017en\u00e9 v\u00e1penn\u00e9, silik\u00e1tov\u00e9 a st\u0159edn\u011b disperzn\u00ed (ot\u011bruvzdorn\u00e9, neomyvateln\u00e9) p\u016fvodn\u00ed n\u00e1t\u011bry. V b\u00edl\u00fdch a velmi jemn\u00fdch pastelov\u00fdch odst\u00ednech lze tak\u00e9 barvu pou\u017e\u00edt na n\u00e1t\u011bry s\u00e1drokartono\u00adv\u00fdch \u010di s\u00e1drovl\u00e1knit\u00fdch desek apod.V\u00fdrobek spl\u0148uje po\u017eadavky pro n\u00e1t\u011bry povrch\u016f, kter\u00e9 mohou p\u0159ich\u00e1zet do nep\u0159\u00edm\u00e9ho styku s potravinami. Po vyzr\u00e1n\u00ed n\u00e1t\u011br vytv\u00e1\u0159\u00ed velmi matn\u00fd, na dotek m\u00edrn\u011b hrub\u00fd, vysoce paropropustn\u00fd povrch, kter\u00fd je odoln\u00fd v\u016f\u010di standardn\u00ed vlhkosti v m\u00edstnostech a odoln\u00fd v\u016f\u010di ot\u011bru za sucha. <b>Odst\u00edn:<\/b> b\u00edl\u00fd a odst\u00edny dle aktu\u00e1ln\u00ed nab\u00eddky. <b>Podklad:<\/b> \u010dist\u00fd, pevn\u00fd, nosn\u00fd, vyzr\u00e1l\u00fd, soudr\u017en\u00fd, such\u00fd, bez uvol\u0148uj\u00edc\u00edch se \u010d\u00e1stic, zbaven\u00fd prachu, mastnoty, star\u00fdch nesoudr\u017en\u00fdch n\u00e1t\u011br\u016f, v\u00fdkv\u011bt\u016f, nesm\u00ed b\u00fdt biologicky napaden\u00fd. Nen\u00ed vhodn\u00e9 aplikovat na podklady obsahuj\u00edc\u00ed nezkarbonatovan\u00e9 v\u00e1pno, v\u00fdkv\u011bty vodorozpustn\u00fdch sol\u00ed, barvy na b\u00e1zi k\u0159\u00eddy, lakovan\u00e9 podklady, plasty, d\u0159evo, kovy. V syt\u00fdch a st\u0159edn\u011b syt\u00fdch odst\u00ednech nen\u00ed vhodn\u00e9 aplikovat na podklady s obsahem s\u00e1dry. <b>Aplika\u010dn\u00ed teplota (barvy, prost\u0159ed\u00ed a podkladu): <\/b>p\u0159i aplikaci a do 24 hodin po aplikaci se mus\u00ed pohybovat v rozmez\u00ed +5 a\u017e +25 \u00b0C. <b>Nan\u00e1\u0161en\u00ed:<\/b> \u0161t\u011btkou, v\u00e1le\u010dkem, mal\u00e9 plochy \u0161t\u011btcem. U barevn\u00fdch variant realizovat pouze ucelen\u00e9 plochy, nekombinovat na plo\u0161e r\u016fzn\u00e9 aplika\u010dn\u00ed techniky, nepou\u017e\u00edvat pro lok\u00e1ln\u00ed opravy. <b>Vydatnost:<\/b> cca 6 \u2013 10 m<sup>2<\/sup> z 1 kg barvy v jedn\u00e9 vrstv\u011b. Vydatnost se m\u016f\u017ee li\u0161it v z\u00e1vislosti na savosti a struktu\u0159e podkladu a tlou\u0161\u0165ce nanesen\u00e9 vrstvy. P\u0159esnou vydatnost pro konkr\u00e9tn\u00ed podklad je nutn\u00e9 stanovit na zku\u0161ebn\u00ed plo\u0161e. <b>Aplika\u010dn\u00ed postup: 1) <\/b>p\u0159ed aplikac\u00ed je nutn\u00e9 zakr\u00fdt v\u0161echny sklen\u011bn\u00e9, keramick\u00e9 a lakovan\u00e9 povrchy, p\u0159\u00edrodn\u00ed kameny, kovov\u00e9 a d\u0159ev\u011bn\u00e9 r\u00e1my oken a dve\u0159\u00ed, proto\u017ee silik\u00e1tov\u00e1 barva je m\u016f\u017ee poleptat a stopy po n\u00ed jsou, zejm\u00e9na na skle, prakticky neodstraniteln\u00e9. <b>2)<\/b> u velmi nebo nestejnorod\u011b sav\u00fdch miner\u00e1ln\u00edch podklad\u016f se nejprve provede napou\u0161t\u011bc\u00ed n\u00e1t\u011br silik\u00e1tov\u00fdm p\u0159\u00edpravkem FN<strong><sup>\u00ae<\/sup><\/strong> PRIMER SILICATE podle n\u00e1vodu na etiket\u011b. U m\u00e9n\u011b sav\u00fdch podklad\u016f napou\u0161t\u011bc\u00ed n\u00e1t\u011br nen\u00ed nutn\u00fd. V p\u0159\u00edpad\u011b aplikace na podklad s obsahem s\u00e1dry se jako z\u00e1kladn\u00ed n\u00e1t\u011br pou\u017eije penetra\u010dn\u00ed n\u00e1t\u011br FN<strong><sup>\u00ae<\/sup><\/strong> PRIMER ACRYLIC. <b>3)<\/b> po dokonal\u00e9m zaschnut\u00ed napou\u0161t\u011bc\u00edho n\u00e1t\u011bru (nejd\u0159\u00edve v\u0161ak po 6 hodin\u00e1ch) se nanesou 1 \u2013 3 (v z\u00e1vislosti na podkladu) kryc\u00ed n\u00e1t\u011bry \u0159\u00e1dn\u011b prom\u00edchanou barvou z\u0159ed\u011bnou od 0,1 do 0,5 litru vody na 1 kg barvy (v z\u00e1vislosti na savosti podkladu a po\u010d\u00e1te\u010dn\u00ed reologii barvy). P\u0159ed aplikac\u00ed se d\u016frazn\u011b doporu\u010duje p\u0159e\u010dten\u00ed podrobn\u011bj\u0161\u00edch informac\u00ed uveden\u00fdch v technick\u00e9m listu v\u00fdrobku. <b>4)<\/b> v\u0161echny pom\u016fcky p\u0159i pracovn\u00edch p\u0159est\u00e1vk\u00e1ch chr\u00e1nit proti zaschnut\u00ed a po pr\u00e1ci om\u00fdt vodou. Zne\u010di\u0161t\u011bn\u00e1 m\u00edsta ihned om\u00fdt vodou, zaschl\u00e1 barva a stopy po n\u00ed se obt\u00ed\u017en\u011b odstra\u0148uj\u00ed. <b>5)<\/b> po dokonal\u00e9m proschnut\u00ed n\u00e1t\u011br\u016f a jejich zr\u00e1n\u00ed (min. 24 hodin, l\u00e9pe 48 hod) lze dle n\u00e1vodu aplikovat funk\u010dn\u00ed n\u00e1t\u011br FN NANO<sup><strong>\u00ae<\/strong><\/sup>. <b>Bezpe\u010dnost: <\/b>obsahuje draseln\u00e9 vodn\u00ed sklo. Uchovejte z dosahu d\u011bt\u00ed. Pou\u017e\u00edvejte ochrann\u00e9 br\u00fdle a pracovn\u00ed od\u011bv. <b>Prvn\u00ed pomoc:<\/b> zasa\u017een\u00e9 o\u010di vypl\u00e1chn\u011bte vodou. P\u0159i po\u017eit\u00ed vypl\u00e1chn\u011bte \u00fasta vodou. P\u0159i obt\u00ed\u017e\u00edch vyhledejte l\u00e9ka\u0159e. Pot\u0159\u00edsn\u011bnou poko\u017eku omyjte vodou a m\u00fddlem. <b>Likvidace odpad\u016f: <\/b>odlo\u017ete na m\u00edsto ur\u010den\u00e9 obc\u00ed k ukl\u00e1d\u00e1n\u00ed odpadu. <b>VOC<\/b>: kategorie A\/a\/V\u0158NH, max. povolen\u00e1 hodnota 30 g\/l, obsah ve v\u00fdrobku p\u0159ipraven\u00e9m k pou\u017eit\u00ed \u22640,1 g\/l. <b>Skladov\u00e1n\u00ed:<\/b> v suchu, p\u0159i +3 a\u017e +25 \u00b0C, nesm\u00ed zmrznout, chr\u00e1nit p\u0159ed p\u0159\u00edm\u00fdm slune\u010dn\u00edm z\u00e1\u0159en\u00edm. <b>Datum spot\u0159eby:<\/b> v p\u016fvodn\u00edm neotev\u0159en\u00e9m balen\u00ed do data uveden\u00e9ho na obalu (EXP.).<\/p>\n","protected":false},"excerpt":{"rendered":"<p>Doporu\u010dujeme pro interi\u00e9rovou v\u00fdmalbu <strong>v senzitivn\u00edm prost\u0159ed\u00ed<\/strong> obytn\u00fdch i ve\u0159ejn\u00fdch budov, \u0161kol, \u0161kolek, nemocnic, domov\u016f d\u016fchodc\u016f apod. Silik\u00e1tov\u00e1 interi\u00e9rov\u00e1 barva (podklad pro aplikaci ochrann\u00e9ho funk\u010dn\u00edho n\u00e1t\u011bru FN NANO<sup>\u00ae<\/sup> ). Ov\u011b\u0159eno a doporu\u010deno jako podklad pro interi\u00e9rov\u00e9 aplikace funk\u010dn\u00edho n\u00e1t\u011bru FN NANO<sup>\u00ae<\/sup> <strong>pro \u010di\u0161t\u011bn\u00ed vzduchu. <\/strong><\/p>\n","protected":false},"featured_media":3807,"comment_status":"closed","ping_status":"closed","template":"","meta":{"_monsterinsights_skip_tracking":false,"_monsterinsights_sitenote_active":false,"_monsterinsights_sitenote_note":"","_monsterinsights_sitenote_category":0},"class_list":["post-3806","product","type-product","status-publish","has-post-thumbnail","hentry","product_cat-barvy-a-penetrace-pod-fn-natery"],"aioseo_notices":[],"_links":{"self":[{"href":"https:\/\/www.nano4people.cz\/shop\/wp-json\/wp\/v2\/product\/3806","targetHints":{"allow":["GET"]}}],"collection":[{"href":"https:\/\/www.nano4people.cz\/shop\/wp-json\/wp\/v2\/product"}],"about":[{"href":"https:\/\/www.nano4people.cz\/shop\/wp-json\/wp\/v2\/types\/product"}],"replies":[{"embeddable":true,"href":"https:\/\/www.nano4people.cz\/shop\/wp-json\/wp\/v2\/comments?post=3806"}],"wp:featuredmedia":[{"embeddable":true,"href":"https:\/\/www.nano4people.cz\/shop\/wp-json\/wp\/v2\/media\/3807"}],"wp:attachment":[{"href":"https:\/\/www.nano4people.cz\/shop\/wp-json\/wp\/v2\/media?parent=3806"}],"curies":[{"name":"wp","href":"https:\/\/api.w.org\/{rel}","templated":true}]}}