{"id":3790,"date":"2021-03-09T11:55:35","date_gmt":"2021-03-09T10:55:35","guid":{"rendered":"https:\/\/nano4people.dev.wd7.cz\/?post_type=product&#038;p=3790"},"modified":"2022-11-10T12:55:23","modified_gmt":"2022-11-10T11:55:23","slug":"funkcni-nater-fn-wood-5-litru","status":"publish","type":"product","link":"https:\/\/www.nano4people.cz\/shop\/produkt\/funkcni-nater-fn-wood-5-litru\/","title":{"rendered":"FUNK\u010cN\u00cd N\u00c1T\u011aR WOOD  FN\u00ae, 5 l"},"content":{"rendered":"<p style=\"text-align: justify;\">Ochrann\u00fd fotokatalytick\u00fd n\u00e1t\u011br \u2013 lazura pro st\u00e1le \u010derstv\u00fd vzhled d\u0159eva s mimo\u0159\u00e1dn\u011b dlouhodobou ochranou proti pl\u00edsn\u00edm, houb\u00e1m a dal\u0161\u00edm mikroorganism\u016fm.<br \/>\nByl speci\u00e1ln\u011b vyvinut pro ochranu d\u0159eva a udr\u017een\u00ed jeho kr\u00e1sn\u00e9ho vzhledu bez \u010dern\u00e1n\u00ed, tmavnut\u00ed a \u0161isov\u00e1n\u00ed \u2013 p\u0159edev\u0161\u00edm v exteri\u00e9ru. Funguje jako bari\u00e9ra proti UV z\u00e1\u0159en\u00ed a mikroorganism\u016fm.<br \/>\nIde\u00e1ln\u00ed pro d\u0159ev\u011bn\u00e9 stavby, ploty, obklady ze d\u0159eva, kde chceme dlouhodob\u011b zachovat kr\u00e1snou strukturu d\u0159eva (jako \u010derstv\u011b po \u0159ezu). Je vhodn\u00fd i na d\u0159evo nat\u0159en\u00e9 barevnou lazurou.<br \/>\nJedn\u00e1 se o velmi \u00fa\u010dinn\u00fd funk\u010dn\u00ed miner\u00e1ln\u00ed n\u00e1t\u011br pro ochranu d\u0159eva, kter\u00fd funguje na b\u00e1zi fyzik\u00e1ln\u00edho jevu zvan\u00e9ho fotokatal\u00fdza. N\u00e1t\u011br je aktivov\u00e1n denn\u00edm sv\u011btlem a m\u00e1 vysoce \u00fa\u010dinn\u00e9 ochrann\u00e9 a samo\u010dist\u00edc\u00ed schopnosti. Jeho ochrann\u00e9 vlastnosti proti degradaci a \u010dern\u00e1n\u00ed d\u0159eva vlivem UV z\u00e1\u0159en\u00ed a mikroorganism\u016f jsou na rozd\u00edl od chemick\u00fdch p\u0159\u00edpravk\u016f nevy\u010derpateln\u00e9.<br \/>\nM\u016f\u017ee se pou\u017e\u00edvat jako svrchn\u00ed ochrann\u00e1 lazura jak na surov\u00e9, ni\u010d\u00edm neo\u0161et\u0159en\u00e9 d\u0159evo, tak i na d\u0159evo mo\u0159en\u00e9 nebo na povrchy, kter\u00e9 ji\u017e byly v minulosti o\u0161et\u0159eny jin\u00fdm lazurovac\u00edm p\u0159\u00edpravkem.<br \/>\nDod\u00e1v\u00e1me jej v transparentn\u00ed podob\u011b, dod\u00e1v\u00e1me i kolorovan\u00e9 varianty pro r\u016fzn\u011b barevn\u00e9 druhy d\u0159ev. Ochrann\u00fd miner\u00e1ln\u00ed n\u00e1t\u011br FN WOOD je inertn\u00ed, neobsahuje \u017e\u00e1dn\u00e9 organick\u00e9 l\u00e1tky a neuvol\u0148uj\u00ed se z n\u011bho \u017e\u00e1dn\u00e9 ne\u017e\u00e1douc\u00ed chemik\u00e1lie do prost\u0159ed\u00ed.<br \/>\n\u2013 Vysoce \u00fa\u010dinn\u00fd proti usazov\u00e1n\u00ed pl\u00edsn\u00ed, hub a dal\u0161\u00edch mikroorganism\u016f<br \/>\n\u2013 Maxim\u00e1ln\u00ed ochrana proti UV z\u00e1\u0159en\u00ed<br \/>\n\u2013 Chr\u00e1n\u00ed d\u0159evo proti \u0161ednut\u00ed, \u010dern\u00e1n\u00ed a degradaci<br \/>\n\u2013 Dlouhodob\u011b udr\u017euje \u010derstv\u00fd vzhled d\u0159eva<br \/>\n\u2013 Vysok\u00e1 m\u00edra pr\u016fhlednosti<br \/>\n\u2013 Vysok\u00e1 prody\u0161nost a paropropustnost<br \/>\n\u2013 Lze zakoupit i v kolorovan\u00e9 variant\u011b. V objedn\u00e1vce uve\u010fte \u010d\u00edslo vybran\u00e9 barvy (ze vzorn\u00edku) do pol\u00ed\u010dka \u201ePozn\u00e1mky k objedn\u00e1vce\u201c.<br \/>\nOBVYKL\u00c1 SPOT\u0158EBA PRO VYTVO\u0158EN\u00cd OCHRANN\u00c9HO POVRCHU: 8 \u2013 20 m\u00b2\/ l ve dvou n\u00e1t\u011brov\u00fdch vrstv\u00e1ch na neo\u0161et\u0159en\u00e9 povrchy a ve t\u0159ech n\u00e1t\u011brov\u00fdch vrstv\u00e1ch na o\u0161et\u0159en\u00e9 povrchy (v z\u00e1vislosti na savosti materi\u00e1lu a hrubosti povrchu).<\/p>\n<p>Vzorn\u00edky kolorovan\u00fdch variant: <a href=\"https:\/\/www.nano4people.cz\/shop\/wp-content\/uploads\/2021\/03\/SMRK.pdf\">SMRK<\/a>, <a href=\"https:\/\/www.nano4people.cz\/shop\/wp-content\/uploads\/2021\/03\/SIBIRSKY_MODRIN.pdf\">SIBIRSKY_MOD\u0158IN,<\/a><a href=\"https:\/\/www.nano4people.cz\/shop\/wp-content\/uploads\/2021\/03\/MODRIN.pdf\">MOD\u0158IN<\/a>.<\/p>\n<p style=\"text-align: justify;\">Podrobn\u00e9 informace o produktu a jeho pou\u017eit\u00ed naleznete v technick\u00e9m listu: <a href=\"https:\/\/www.nano4people.cz\/shop\/wp-content\/uploads\/2022\/03\/FN-NANO-Wood_Tech_list_rev_24092021.pdf\">FN NANO Wood_Tech_list_rev_24092021<\/a><\/p>\n<p>PoS (Prohl\u00e1\u0161en\u00ed o sod\u011b) : <a href=\"https:\/\/www.nano4people.cz\/shop\/wp-content\/uploads\/2021\/03\/PoS_FN_NANO_WOOD_rev01092021.pdf\">PoS_FN_NANO_WOOD_rev01092021<\/a><\/p>\n","protected":false},"excerpt":{"rendered":"<p>Ochrann\u00fd fotokatalytick\u00fd n\u00e1t\u011br \u2013 lazura pro st\u00e1le \u010derstv\u00fd vzhled d\u0159eva s mimo\u0159\u00e1dn\u011b dlouhodobou ochranou proti pl\u00edsn\u00edm, houb\u00e1m a dal\u0161\u00edm mikroorganism\u016fm.<br \/>\nByl speci\u00e1ln\u011b vyvinut pro ochranu d\u0159eva a udr\u017een\u00ed jeho kr\u00e1sn\u00e9ho vzhledu bez \u010dern\u00e1n\u00ed, tmavnut\u00ed a \u0161isov\u00e1n\u00ed \u2013 p\u0159edev\u0161\u00edm v exteri\u00e9ru. Funguje jako bari\u00e9ra proti UV z\u00e1\u0159en\u00ed a mikroorganism\u016fm.<br \/>\nIde\u00e1ln\u00ed pro d\u0159ev\u011bn\u00e9 stavby, ploty, obklady ze d\u0159eva, kde chceme dlouhodob\u011b zachovat kr\u00e1snou strukturu d\u0159eva (jako \u010derstv\u011b po \u0159ezu). Je vhodn\u00fd i na d\u0159evo nat\u0159en\u00e9 barevnou lazurou.<br \/>\nJedn\u00e1 se o velmi \u00fa\u010dinn\u00fd funk\u010dn\u00ed miner\u00e1ln\u00ed n\u00e1t\u011br pro ochranu d\u0159eva, kter\u00fd funguje na b\u00e1zi fyzik\u00e1ln\u00edho jevu zvan\u00e9ho fotokatal\u00fdza. N\u00e1t\u011br je aktivov\u00e1n denn\u00edm sv\u011btlem a m\u00e1 vysoce \u00fa\u010dinn\u00e9 ochrann\u00e9 a samo\u010dist\u00edc\u00ed schopnosti. Jeho ochrann\u00e9 vlastnosti proti degradaci a \u010dern\u00e1n\u00ed d\u0159eva vlivem UV z\u00e1\u0159en\u00ed a mikroorganism\u016f jsou na rozd\u00edl od chemick\u00fdch p\u0159\u00edpravk\u016f nevy\u010derpateln\u00e9.<br \/>\nM\u016f\u017ee se pou\u017e\u00edvat jako svrchn\u00ed ochrann\u00e1 lazura jak na surov\u00e9, ni\u010d\u00edm neo\u0161et\u0159en\u00e9 d\u0159evo, tak i na d\u0159evo mo\u0159en\u00e9 nebo na povrchy, kter\u00e9 ji\u017e byly v minulosti o\u0161et\u0159eny jin\u00fdm lazurovac\u00edm p\u0159\u00edpravkem.<\/p>\n<p>OBVYKL\u00c1 SPOT\u0158EBA PRO VYTVO\u0158EN\u00cd OCHRANN\u00c9HO POVRCHU: 8 \u2013 20 m\u00b2\/ l ve dvou n\u00e1t\u011brov\u00fdch vrstv\u00e1ch na neo\u0161et\u0159en\u00e9 povrchy a ve t\u0159ech n\u00e1t\u011brov\u00fdch vrstv\u00e1ch na o\u0161et\u0159en\u00e9 povrchy (v z\u00e1vislosti na savosti materi\u00e1lu a hrubosti povrchu).<\/p>\n<p>&nbsp;<\/p>\n<p><strong>V\u00fdstra\u017en\u00e9 symboly nebezpe\u010dnosti<\/strong><\/p>\n<p><img loading=\"lazy\" decoding=\"async\" class=\"alignnone size-thumbnail wp-image-4202\" src=\"https:\/\/www.nano4people.cz\/shop\/wp-content\/uploads\/2021\/02\/19081-608-80x80.jpg\" alt=\"\" width=\"80\" height=\"80\" \/><\/p>\n<p><strong>Standardn\u00ed v\u011bty o nebezpe\u010dnosti\u00a0\u00a0<\/strong><strong><br \/>\n<\/strong><strong>H410\u00a0 \u00a0<\/strong><br \/>\nVysoce toxick\u00fd pro vodn\u00ed organismy, s dlouhodob\u00fdmi \u00fa\u010dinky.<\/p>\n<p><strong>Pokyny pro bezpe\u010dn\u00e9 zach\u00e1zen\u00ed<br \/>\nP102<\/strong><br \/>\nUchov\u00e1vejte mimo dosah d\u011bt\u00ed.<br \/>\n<strong>P273\u00a0<\/strong><br \/>\nZabra\u0148te uvoln\u011bn\u00ed do \u017eivotn\u00edho prost\u0159ed\u00ed.<br \/>\n<strong>P391<\/strong><br \/>\nUnikl\u00fd produkt seberte.<br \/>\n<strong>P501<\/strong><br \/>\nOdstra\u0148te obsah\/obal podle platn\u00fdch p\u0159edpis\u016f.<\/p>\n<p><strong>Dopl\u0148uj\u00edc\u00ed informace<\/strong><br \/>\n<strong>EUH211\u00a0 \u00a0<\/strong><br \/>\nPozor! P\u0159i post\u0159iku se mohou vytv\u00e1\u0159et nebezpe\u010dn\u00e9 respirabiln\u00ed kapi\u010dky. Nevdechujte aerosoly nebo mlhu.<\/p>\n","protected":false},"featured_media":4089,"comment_status":"open","ping_status":"closed","template":"","meta":{"_monsterinsights_skip_tracking":false,"_monsterinsights_sitenote_active":false,"_monsterinsights_sitenote_note":"","_monsterinsights_sitenote_category":0},"class_list":["post-3790","product","type-product","status-publish","has-post-thumbnail","hentry","product_cat-fn"],"aioseo_notices":[],"_links":{"self":[{"href":"https:\/\/www.nano4people.cz\/shop\/wp-json\/wp\/v2\/product\/3790","targetHints":{"allow":["GET"]}}],"collection":[{"href":"https:\/\/www.nano4people.cz\/shop\/wp-json\/wp\/v2\/product"}],"about":[{"href":"https:\/\/www.nano4people.cz\/shop\/wp-json\/wp\/v2\/types\/product"}],"replies":[{"embeddable":true,"href":"https:\/\/www.nano4people.cz\/shop\/wp-json\/wp\/v2\/comments?post=3790"}],"wp:featuredmedia":[{"embeddable":true,"href":"https:\/\/www.nano4people.cz\/shop\/wp-json\/wp\/v2\/media\/4089"}],"wp:attachment":[{"href":"https:\/\/www.nano4people.cz\/shop\/wp-json\/wp\/v2\/media?parent=3790"}],"curies":[{"name":"wp","href":"https:\/\/api.w.org\/{rel}","templated":true}]}}