{"id":3785,"date":"2021-03-09T09:33:02","date_gmt":"2021-03-09T08:33:02","guid":{"rendered":"https:\/\/nano4people.dev.wd7.cz\/?post_type=product&#038;p=3785"},"modified":"2022-11-10T12:50:29","modified_gmt":"2022-11-10T11:50:29","slug":"funkcni-nater-fn1-transparent-5-litru","status":"publish","type":"product","link":"https:\/\/www.nano4people.cz\/shop\/produkt\/funkcni-nater-fn1-transparent-5-litru\/","title":{"rendered":"FUNK\u010cN\u00cd N\u00c1T\u011aR TRANSPARENT FN\u00ae1,  5 l"},"content":{"rendered":"<p style=\"text-align: justify;\">Funk\u010dn\u00ed n\u00e1t\u011br FN1 Transparent byl vyvinut na b\u00e1zi n\u00e1t\u011bru FN1 na s c\u00edlem maximalizovat transparentnost n\u00e1t\u011brov\u00e9 vrstvy tak, aby byl v maxim\u00e1ln\u00ed mo\u017en\u00e9 m\u00ed\u0159e zachov\u00e1n p\u016fvodn\u00ed vzhled (barva a struktura) podkladu, kter\u00fd FN1 n\u00e1t\u011br chr\u00e1n\u00ed. Vyu\u017eit\u00ed je stejn\u00e9 jako u n\u00e1t\u011bru FN1. Funk\u010dn\u00ed n\u00e1t\u011br FN1 Transparent slou\u017e\u00ed k vytv\u00e1\u0159en\u00ed \u00fa\u010dinn\u00e9 a dlouhodob\u011b funk\u010dn\u00ed nanotechnologick\u00e9 ochrany povrch\u016f proti usazov\u00e1n\u00ed atmosf\u00e9rick\u00e9 \u0161p\u00edny a proti jejich napaden\u00ed pl\u00edsn\u011bmi, \u0159asami a dal\u0161\u00edmi mikroroganismy. Vysok\u00fd obsah Oxidu titani\u010dit\u00e9ho v n\u00e1t\u011brov\u00e9 vrstv\u011b zaru\u010duje mimo\u0159\u00e1dn\u011b \u00fa\u010dinnou ochranu podkladu, na kter\u00fd je FN1 Transparent nanesen p\u0159ed \u201evy\u0161isov\u00e1n\u00edm\u201c barev a rozpadem pojiva vlivem UV z\u00e1\u0159en\u00ed. N\u00e1t\u011br \u00fa\u010dinn\u011b \u010dist\u00ed vzduch od \u0161irok\u00e9 \u0161k\u00e1ly zne\u010di\u0161\u0165uj\u00edc\u00edch l\u00e1tek. Velk\u00e1 transparentnost n\u00e1t\u011brov\u00e9 vrstvy umo\u017en\u00ed dokonale zachovat vzhled surov\u00e9ho pohledov\u00e9ho betonu, na jeho\u017e povrch se n\u00e1t\u011br chemicky nav\u00e1\u017ee. Aplikov\u00e1n m\u016f\u017ee b\u00fdt tak\u00e9 na povrchy ze surov\u00e9ho zdiva, kamene, keramik, om\u00edtky, d\u0159eva, kde je po\u017eadavek p\u0159iznat co nejv\u00edce barevnost a strukturu podkladu. Vhodn\u00fd je tak\u00e9 na povrchy tvo\u0159en\u00e9 om\u00edtkou nebo nat\u0159en\u00e9 matov\u00fdmi barvami, laky nebo penetracemi, kter\u00e9 neodpuzuj\u00ed vodu. V t\u00e9to souvislosti je vyu\u017e\u00edv\u00e1n tak\u00e9 jako ochrann\u00fd n\u00e1t\u011br na zachoval\u00e9 povrchy probarven\u00fdch fas\u00e1d po jejich vy\u010di\u0161t\u011bn\u00ed. N\u00e1t\u011br FN1 Transparent dod\u00e1v\u00e1me proto tak\u00e9 v barevn\u00fdch odst\u00ednech. Je ur\u010den pro pou\u017eit\u00ed v exteri\u00e9ru i interi\u00e9ru.<br \/>\nOBVYKL\u00c1 SPOT\u0158EBA PRO VYTVO\u0158EN\u00cd OCHRANN\u00c9HO POVRCHU: 6 \u2013 15 m\u00b2\/ l ve t\u0159ech n\u00e1t\u011brov\u00fdch vrstv\u00e1ch (v z\u00e1vislosti na savosti materi\u00e1lu, hrubosti povrchu a zp\u016fsobu nan\u00e1\u0161en\u00ed).<\/p>\n<p>NEJSTE-LI SI JISTI KOMPATIBILITOU (VHODNOST\u00cd \u010cI DRUHEM) PODKLADOV\u00c9HO MATERI\u00c1LU, POU\u017dIJTE CEL\u00c9 NA\u0160E SYST\u00c9MOV\u00c9 \u0158E\u0160EN\u00cd\u00a0<img \/>\u2013 PENETRACE + PODKLADOV\u00c1 BARVA + NANO N\u00c1T\u011aR.<\/p>\n<p style=\"text-align: justify;\">Podrobn\u00e9 informace o produktu a jeho pou\u017eit\u00ed naleznete v technick\u00e9m listu: <a href=\"https:\/\/www.nano4people.cz\/shop\/wp-content\/uploads\/2021\/09\/FN-NANO-Transparent_Tech_list_rev_21072021.pdf\">FN NANO Transparent_Tech_list_rev_21072021<\/a><\/p>\n<p>PoS (Prohl\u00e1\u0161en\u00ed o shod\u011b) : <a href=\"https:\/\/www.nano4people.cz\/shop\/wp-content\/uploads\/2021\/03\/PoS_FN_ZDIVO_rev01092021.pdf\">PoS_FN_ZDIVO_rev01092021<\/a><\/p>\n<p>PoV (Prohl\u00e1\u0161en\u00ed o vlastnostech) : <a href=\"https:\/\/www.nano4people.cz\/shop\/wp-content\/uploads\/2021\/03\/PoV_FN_NANO_Transparet-final-.pdf\">PoV_FN_NANO_Transparet &#8211; final<\/a><\/p>\n","protected":false},"excerpt":{"rendered":"<p>Funk\u010dn\u00ed n\u00e1t\u011br FN1 Transparent byl vyvinut na b\u00e1zi n\u00e1t\u011bru FN1 na s c\u00edlem maximalizovat transparentnost n\u00e1t\u011brov\u00e9 vrstvy tak, aby byl v maxim\u00e1ln\u00ed mo\u017en\u00e9 m\u00ed\u0159e zachov\u00e1n p\u016fvodn\u00ed vzhled (barva a struktura) podkladu, kter\u00fd FN1 n\u00e1t\u011br chr\u00e1n\u00ed. Vyu\u017eit\u00ed je stejn\u00e9 jako u n\u00e1t\u011bru FN1. Funk\u010dn\u00ed n\u00e1t\u011br FN1 Transparent slou\u017e\u00ed k vytv\u00e1\u0159en\u00ed \u00fa\u010dinn\u00e9 a dlouhodob\u011b funk\u010dn\u00ed nanotechnologick\u00e9 ochrany povrch\u016f proti usazov\u00e1n\u00ed atmosf\u00e9rick\u00e9 \u0161p\u00edny a proti jejich napaden\u00ed pl\u00edsn\u011bmi, \u0159asami a dal\u0161\u00edmi mikroroganismy. Vysok\u00fd obsah Oxidu titani\u010dit\u00e9ho v n\u00e1t\u011brov\u00e9 vrstv\u011b zaru\u010duje mimo\u0159\u00e1dn\u011b \u00fa\u010dinnou ochranu podkladu, na kter\u00fd je FN1 Transparent nanesen p\u0159ed \u201evy\u0161isov\u00e1n\u00edm\u201c barev a rozpadem pojiva vlivem UV z\u00e1\u0159en\u00ed. N\u00e1t\u011br \u00fa\u010dinn\u011b \u010dist\u00ed vzduch od \u0161irok\u00e9 \u0161k\u00e1ly zne\u010di\u0161\u0165uj\u00edc\u00edch l\u00e1tek. Velk\u00e1 transparentnost n\u00e1t\u011brov\u00e9 vrstvy umo\u017en\u00ed dokonale zachovat vzhled surov\u00e9ho pohledov\u00e9ho betonu, na jeho\u017e povrch se n\u00e1t\u011br chemicky nav\u00e1\u017ee. Aplikov\u00e1n m\u016f\u017ee b\u00fdt tak\u00e9 na povrchy ze surov\u00e9ho zdiva, kamene, keramik, om\u00edtky, d\u0159eva, kde je po\u017eadavek p\u0159iznat co nejv\u00edce barevnost a strukturu podkladu. Vhodn\u00fd je tak\u00e9 na povrchy tvo\u0159en\u00e9 om\u00edtkou nebo nat\u0159en\u00e9 matov\u00fdmi barvami, laky nebo penetracemi, kter\u00e9 neodpuzuj\u00ed vodu. V t\u00e9to souvislosti je vyu\u017e\u00edv\u00e1n tak\u00e9 jako ochrann\u00fd n\u00e1t\u011br na zachoval\u00e9 povrchy probarven\u00fdch fas\u00e1d po jejich vy\u010di\u0161t\u011bn\u00ed. N\u00e1t\u011br FN1 Transparent dod\u00e1v\u00e1me proto tak\u00e9 v barevn\u00fdch odst\u00ednech. Je ur\u010den pro pou\u017eit\u00ed v exteri\u00e9ru i interi\u00e9ru.<br \/>\nOBVYKL\u00c1 SPOT\u0158EBA PRO VYTVO\u0158EN\u00cd OCHRANN\u00c9HO POVRCHU: 6 \u2013 15 m\u00b2\/ l ve t\u0159ech n\u00e1t\u011brov\u00fdch vrstv\u00e1ch (v z\u00e1vislosti na savosti materi\u00e1lu, hrubosti povrchu a zp\u016fsobu nan\u00e1\u0161en\u00ed).<\/p>\n<p>&nbsp;<\/p>\n<p><strong>V\u00fdstra\u017en\u00e9 symboly nebezpe\u010dnosti<\/strong><\/p>\n<p><img loading=\"lazy\" decoding=\"async\" class=\"alignnone size-thumbnail wp-image-4202\" src=\"https:\/\/www.nano4people.cz\/shop\/wp-content\/uploads\/2021\/02\/19081-608-80x80.jpg\" alt=\"\" width=\"80\" height=\"80\" \/><\/p>\n<p><strong>Standardn\u00ed v\u011bty o nebezpe\u010dnosti\u00a0<\/strong><br \/>\n<strong>H410\u00a0 \u00a0<\/strong><br \/>\nVysoce toxick\u00fd pro vodn\u00ed organismy, s dlouhodob\u00fdmi \u00fa\u010dinky.<\/p>\n<p><strong>Pokyny pro bezpe\u010dn\u00e9 zach\u00e1zen\u00ed<br \/>\nP102<\/strong><br \/>\nUchov\u00e1vejte mimo dosah d\u011bt\u00ed.<br \/>\n<strong>P273\u00a0<\/strong><br \/>\nZabra\u0148te uvoln\u011bn\u00ed do \u017eivotn\u00edho prost\u0159ed\u00ed.<br \/>\n<strong>P391<\/strong><br \/>\nUnikl\u00fd produkt seberte.<br \/>\n<strong>P501<\/strong><br \/>\nOdstra\u0148te obsah\/obal podle platn\u00fdch p\u0159edpis\u016f.<\/p>\n<p><strong>Dopl\u0148uj\u00edc\u00ed informace<\/strong><br \/>\n<strong>EUH211\u00a0 \u00a0<\/strong><br \/>\nPozor! P\u0159i post\u0159iku se mohou vytv\u00e1\u0159et nebezpe\u010dn\u00e9 respirabiln\u00ed kapi\u010dky. Nevdechujte aerosoly nebo mlhu<\/p>\n","protected":false},"featured_media":4094,"comment_status":"open","ping_status":"closed","template":"","meta":{"_monsterinsights_skip_tracking":false,"_monsterinsights_sitenote_active":false,"_monsterinsights_sitenote_note":"","_monsterinsights_sitenote_category":0},"class_list":["post-3785","product","type-product","status-publish","has-post-thumbnail","hentry","product_cat-fn"],"aioseo_notices":[],"_links":{"self":[{"href":"https:\/\/www.nano4people.cz\/shop\/wp-json\/wp\/v2\/product\/3785","targetHints":{"allow":["GET"]}}],"collection":[{"href":"https:\/\/www.nano4people.cz\/shop\/wp-json\/wp\/v2\/product"}],"about":[{"href":"https:\/\/www.nano4people.cz\/shop\/wp-json\/wp\/v2\/types\/product"}],"replies":[{"embeddable":true,"href":"https:\/\/www.nano4people.cz\/shop\/wp-json\/wp\/v2\/comments?post=3785"}],"wp:featuredmedia":[{"embeddable":true,"href":"https:\/\/www.nano4people.cz\/shop\/wp-json\/wp\/v2\/media\/4094"}],"wp:attachment":[{"href":"https:\/\/www.nano4people.cz\/shop\/wp-json\/wp\/v2\/media?parent=3785"}],"curies":[{"name":"wp","href":"https:\/\/api.w.org\/{rel}","templated":true}]}}