{"id":3772,"date":"2021-03-09T09:09:03","date_gmt":"2021-03-09T08:09:03","guid":{"rendered":"https:\/\/nano4people.dev.wd7.cz\/?post_type=product&#038;p=3772"},"modified":"2022-11-10T12:43:36","modified_gmt":"2022-11-10T11:43:36","slug":"funkcni-nater-fn2-5l","status":"publish","type":"product","link":"https:\/\/www.nano4people.cz\/shop\/produkt\/funkcni-nater-fn2-5l\/","title":{"rendered":"FUNK\u010cN\u00cd N\u00c1T\u011aR FN\u00ae2, 5 l"},"content":{"rendered":"<p style=\"text-align: justify;\">Funk\u010dn\u00ed n\u00e1t\u011br FN<sup>\u00ae<\/sup>2<sup>\u00a0<\/sup>byl vyvinut a optimalizov\u00e1n pro funkce \u010di\u0161t\u011bn\u00ed vzduchu a ochrany proti usazov\u00e1n\u00ed mikroorganism\u016f. Je ur\u010den pro pou\u017eit\u00ed v exteri\u00e9ru i interi\u00e9ru. Aplikov\u00e1n m\u016f\u017ee b\u00fdt na povrchy z betonu surov\u00e9ho zdiva, kamene, keramik, om\u00edtky, a tak\u00e9 na b\u011b\u017en\u00e9 stavebn\u00ed povrchy, kter\u00e9 neodpuzuj\u00ed vodu. Od n\u00e1t\u011br\u016f FN<sup>\u00ae<\/sup>1\u00a0 se odli\u0161uje podstatn\u011b ni\u017e\u0161\u00ed transparentnost\u00ed a vy\u0161\u0161\u00ed \u00fa\u010dinnost\u00ed \u010di\u0161t\u011bn\u00ed vzduchu. Jeho pou\u017eit\u00ed proto doporu\u010dujeme p\u0159edev\u0161\u00edm p\u0159i aplikac\u00edch zam\u011b\u0159en\u00fdch na \u010di\u0161t\u011bn\u00ed vzduchu nebo ochranu proti mikroorganism\u016fm. N\u00e1t\u011br FN<sup>\u00ae<\/sup>2<sup>\u00a0<\/sup>dod\u00e1v\u00e1me tak\u00e9 v barevn\u00fdch odst\u00ednech.\u00a0N\u00e1t\u011br\u00a0FN<sup>\u00ae<\/sup>2 je vyu\u017e\u00edv\u00e1n jako\u00a0<strong>vysoce \u00fa\u010dinn\u00e1 n\u00edzkon\u00e1kladov\u00e1 technologie pro \u010di\u0161t\u011bn\u00ed vzduchu<\/strong>\u00a0od \u0161irok\u00e9 \u0161k\u00e1ly zne\u010di\u0161\u0165uj\u00edc\u00edch l\u00e1tek a nep\u0159\u00edjemn\u00fdch pach\u016f (doporu\u010dujeme zejm\u00e9na pro pou\u017eit\u00ed v interi\u00e9rech).\u00a0Je<strong>\u00a0efektivn\u00ed a v\u00fdhodn\u011bj\u0161\u00ed alternativou ne\u017e klasick\u00fdch technologi\u00ed pro \u010di\u0161t\u011bn\u00ed vzduchu (\u010disti\u010dky vzduchu)<\/strong>. Funk\u010dn\u00ed n\u00e1t\u011br\u00a0FN<sup>\u00ae<\/sup>2 slou\u017e\u00ed slou\u017e\u00ed tak\u00e9 k vytv\u00e1\u0159en\u00ed \u00fa\u010dinn\u00e9 a dlouhodob\u011b funk\u010dn\u00ed nanotechnologick\u00e9\u00a0<strong>ochrany povrch\u016f proti usazov\u00e1n\u00ed atmosf\u00e9rick\u00e9 \u0161p\u00edny a proti jejich napaden\u00ed pl\u00edsn\u011bmi, \u0159asami a dal\u0161\u00edmi mikroroganismy a proti vir\u016fm a bakteri\u00edm<\/strong>.\u00a0Je proto vyu\u017e\u00edv\u00e1n tak\u00e9\u00a0jako \u00fa\u010dinn\u00e1 technologie pro\u00a0<strong>sn\u00ed\u017een\u00ed rizika p\u0159enosu infek\u010dn\u00edch n\u00e1kaz<\/strong>. Vysok\u00fd obsah oxidu titani\u010dit\u00e9ho v n\u00e1t\u011brov\u00e9 vrstv\u011b zaru\u010duje mimo\u0159\u00e1dn\u011b \u00fa\u010dinnou\u00a0<strong>ochranu<\/strong>\u00a0podkladu, na kter\u00fd je FN<sup>\u00ae<\/sup>2 nanesen\u00a0<strong>p\u0159ed \u201evy\u0161isov\u00e1n\u00edm\u201c barev a rozpadem pojiva vlivem UV z\u00e1\u0159en\u00ed<\/strong>.\u00a0FN<sup>\u00ae<\/sup>2 je rovn\u011b\u017e vyu\u017e\u00edv\u00e1n pro vytv\u00e1\u0159en\u00ed\u00a0<strong>antigraffiti ochrany<\/strong>.<\/p>\n<p style=\"text-align: justify;\">Pro zaji\u0161t\u011bn\u00ed\u00a0pln\u00e9\u00a0funk\u010dnosti v interi\u00e9rech\u00a0je nezbytn\u00e9 zajistit p\u0159\u00edstup ultrafialov\u00e9ho z\u00e1\u0159en\u00ed o minim\u00e1ln\u00ed\u00a0intenzit\u011b 0,2W\/m<sup>2<\/sup>k vytvo\u0159en\u00e9mu FN NANO\u00ae povrchu.<\/p>\n<p style=\"text-align: justify;\">Podrobn\u00e9 informace o produktu a jeho pou\u017eit\u00ed naleznete v technick\u00e9m listu: <a href=\"https:\/\/www.nano4people.cz\/shop\/wp-content\/uploads\/2022\/03\/FN-NANO2-_Tech_list_rev_21022022.pdf\">FN NANO2 _Tech_list_rev_21022022<\/a><\/p>\n<p style=\"text-align: justify;\">PoS (Prohl\u00e1\u0161en\u00ed o shod\u011b) : <a href=\"https:\/\/www.nano4people.cz\/shop\/wp-content\/uploads\/2021\/03\/PoS_FN_ZDIVO_rev01092021.pdf\">PoS_FN_ZDIVO_rev01092021<\/a><\/p>\n<p style=\"text-align: justify;\">PoV (Prohl\u00e1\u0161en\u00ed o vlastnostech) : <a href=\"https:\/\/www.nano4people.cz\/shop\/wp-content\/uploads\/2021\/02\/PoV_FN_NANO2-final.pdf\">PoV_FN_NANO2 &#8211; final<\/a><\/p>\n<p style=\"text-align: justify;\"><strong>OBVYKL\u00c1 SPOT\u0158EBA PRO VYTVO\u0158EN\u00cd OCHRANN\u00c9HO POVRCHU: \u00a07-12 m<sup>2<\/sup>\/ l ve t\u0159ech n\u00e1t\u011brov\u00fdch vrstv\u00e1ch (v z\u00e1vislosti na savosti materi\u00e1lu, hrubosti povrchu a zp\u016fsobu nan\u00e1\u0161en\u00ed)<\/strong><\/p>\n<p style=\"text-align: justify;\"><strong>Pozn.:<\/strong> Aplikace FN\u00ae v interi\u00e9ru vy\u017eaduj\u00ed p\u0159\u00edtomnost dostate\u010dn\u00e9ho mno\u017estv\u00ed UV sv\u011btla. Sklen\u011bn\u00e1 okna v\u0161ak z denn\u00edho sv\u011btla propou\u0161t\u011bj\u00ed do interi\u00e9ru pouze mal\u00e9 mno\u017estv\u00ed UV. Modern\u00ed okna se speci\u00e1ln\u00edmi povrchov\u00fdmi \u00fapravami pak nepropou\u0161t\u011bn\u00ed UV z\u00e1\u0159en\u00ed \u017e\u00e1dn\u00e9. Proto je nutno v\u017edy ov\u011b\u0159it p\u0159\u00edtomnost a intenzitu tohoto z\u00e1\u0159en\u00ed citliv\u00fdm UV metrem. Pro zaji\u0161t\u011bn\u00ed funk\u010dnosti fotokatalytick\u00e9 plochy vytvo\u0159en\u00e9 FN\u00ae je pot\u0159ebn\u00e9 UV z\u00e1\u0159en\u00ed o intenzit\u011b minim\u00e1ln\u011b 0,2W\/1m2. Pokud takov\u00e9 hodnoty nejsou nam\u011b\u0159eny, mus\u00ed b\u00fdt nainstalov\u00e1n zdroj um\u011bl\u00e9ho UV sv\u011btla o pot\u0159ebn\u00e9m v\u00fdkonu. Pro nasv\u00edcen\u00ed je nutno pou\u017e\u00edvat zdroje m\u011bkk\u00e9ho UV z\u00e1\u0159en\u00ed (UVA), jeho\u017e optim\u00e1ln\u00ed vlnov\u00e1 d\u00e9lka je 365 nm.<\/p>\n","protected":false},"excerpt":{"rendered":"<p>Funk\u010dn\u00ed n\u00e1t\u011br FN NANO<sup>\u00ae<\/sup>2 \u2013 vysoce \u00fa\u010dinn\u00e1 fotokatalytick\u00e1 technologie<sup>\u00a0<\/sup>: optimalizov\u00e1no pro funkce \u010di\u0161t\u011bn\u00ed vzduchu a ochrany proti usazov\u00e1n\u00ed mikroorganism\u016f.\u00a0Dokonal\u00e1 ochrana proti usazov\u00e1n\u00ed \u0161p\u00edny rozpt\u00fdlen\u00e9 ve vzduchu a proti ni\u010div\u00fdm \u00fa\u010dink\u016fm ultrafialov\u00e9ho z\u00e1\u0159en\u00ed.\u00a0Pro interi\u00e9r i exteri\u00e9r.<\/p>\n<p><strong>OBVYKL\u00c1 SPOT\u0158EBA PRO VYTVO\u0158EN\u00cd OCHRANN\u00c9HO POVRCHU: \u00a07-15 m<sup>2<\/sup>\/ l ve t\u0159ech n\u00e1t\u011brov\u00fdch vrstv\u00e1ch (v z\u00e1vislosti na savosti materi\u00e1lu, hrubosti povrchu a zp\u016fsobu nan\u00e1\u0161en\u00ed)<\/strong><\/p>\n<p>&nbsp;<\/p>\n<p><strong>Pokyny pro bezpe\u010dn\u00e9 zach\u00e1zen\u00ed<br \/>\nP101<\/strong><strong><br \/>\n<\/strong>Je-li nutn\u00e1 l\u00e9ka\u0159sk\u00e1 pomoc, m\u011bjte po ruce obal nebo \u0161t\u00edtek v\u00fdrobku.<br \/>\n<strong>P102<br \/>\n<\/strong>Uchov\u00e1vejte mimo dosah d\u011bt\u00ed.<br \/>\n<strong>P103<\/strong><br \/>\nP\u0159ed pou\u017eit\u00edm si p\u0159e\u010dt\u011bte \u00fadaje na \u0161t\u00edtku<br \/>\n<strong>P501<\/strong><br \/>\nOdstra\u0148te obsah\/obal podle platn\u00fdch p\u0159edpis\u016f.<\/p>\n<p><strong>Dopl\u0148uj\u00edc\u00ed informace<\/strong><br \/>\n<strong>EUH211<\/strong><br \/>\nPozor! P\u0159i post\u0159iku se mohou vytv\u00e1\u0159et nebezpe\u010dn\u00e9 respirabiln\u00ed kapi\u010dky. Nevdechujte aerosoly nebo mlhu.<\/p>\n","protected":false},"featured_media":4115,"comment_status":"closed","ping_status":"closed","template":"","meta":{"_monsterinsights_skip_tracking":false,"_monsterinsights_sitenote_active":false,"_monsterinsights_sitenote_note":"","_monsterinsights_sitenote_category":0},"class_list":["post-3772","product","type-product","status-publish","has-post-thumbnail","hentry","product_cat-fn"],"aioseo_notices":[],"_links":{"self":[{"href":"https:\/\/www.nano4people.cz\/shop\/wp-json\/wp\/v2\/product\/3772","targetHints":{"allow":["GET"]}}],"collection":[{"href":"https:\/\/www.nano4people.cz\/shop\/wp-json\/wp\/v2\/product"}],"about":[{"href":"https:\/\/www.nano4people.cz\/shop\/wp-json\/wp\/v2\/types\/product"}],"replies":[{"embeddable":true,"href":"https:\/\/www.nano4people.cz\/shop\/wp-json\/wp\/v2\/comments?post=3772"}],"wp:featuredmedia":[{"embeddable":true,"href":"https:\/\/www.nano4people.cz\/shop\/wp-json\/wp\/v2\/media\/4115"}],"wp:attachment":[{"href":"https:\/\/www.nano4people.cz\/shop\/wp-json\/wp\/v2\/media?parent=3772"}],"curies":[{"name":"wp","href":"https:\/\/api.w.org\/{rel}","templated":true}]}}