{"id":3623,"date":"2021-01-29T17:53:27","date_gmt":"2021-01-29T16:53:27","guid":{"rendered":"https:\/\/nano4people.dev.wd7.cz\/?post_type=product&#038;p=3623"},"modified":"2022-11-11T09:07:49","modified_gmt":"2022-11-11T08:07:49","slug":"funkcni-nater-fn1-biomax-1-litr","status":"publish","type":"product","link":"https:\/\/www.nano4people.cz\/shop\/produkt\/funkcni-nater-fn1-biomax-1-litr\/","title":{"rendered":"FUNK\u010cN\u00cd N\u00c1T\u011aR FN\u00ae1 BIOMAX, 1 l"},"content":{"rendered":"<p style=\"text-align: justify;\">Funk\u010dn\u00ed n\u00e1t\u011br FN1 BioMax byl vyvinut na b\u00e1zi n\u00e1t\u011bru FN1 na s c\u00edlem maximalizovat jeho antimikrobi\u00e1ln\u00ed funkci a umo\u017enit jeho vyu\u017eit\u00ed jako \u00fa\u010dinn\u00e9ho biocidn\u00edho prost\u0159edku s dlouhodob\u00fdm \u00fa\u010dinkem ve zdravotnick\u00fdch za\u0159\u00edzen\u00edch, v domovech senior\u016f i dom\u00e1cnostech a na dal\u0161\u00edch m\u00edstech s c\u00edlem zlep\u0161it ochranu proti \u0161\u00ed\u0159en\u00ed infekc\u00ed. FN1 BioMax je kompozitn\u00ed antibakteri\u00e1ln\u00ed ochrann\u00fd n\u00e1t\u011br na b\u00e1zi oxidu titani\u010dit\u00e9ho s \u00fa\u010dinnou biocidn\u00ed l\u00e1tkou a velmi siln\u00fdm fotokatalytick\u00fdm \u00fa\u010dinkem. Antibakteri\u00e1ln\u00ed \u00fa\u010dinek aktivn\u00ed biocidn\u00ed l\u00e1tky je podpo\u0159en fotokatalytick\u00fdm efektem, kter\u00fd je aktivov\u00e1n p\u0159i dopadu denn\u00edho sv\u011btla nebo um\u011bl\u00e9ho sv\u011btla s pod\u00edlem UV spektra.<br \/>\nN\u00e1t\u011brov\u00e1 vrstva FN1 BioMax velmi \u00fa\u010dinn\u011b br\u00e1n\u00ed vir\u016fm, bakteri\u00edm a dal\u0161\u00edm mikroorganism\u016fm v tom, aby se na n\u00ed usazovaly, rostly a rozmno\u017eovaly a z\u00e1rove\u0148 je schopna redukovat koncentraci organick\u00fdch a anorganick\u00fdch ne\u010distot ve vzduchu. O\u0161et\u0159en\u00fd povrch tak\u00e9 chr\u00e1n\u00ed proti postupn\u00e9mu za\u0161pin\u011bn\u00ed ne\u010distotami rozpt\u00fdlen\u00fdmi ve vzduchu. N\u00e1t\u011br chr\u00e1n\u00ed podklad proti UV z\u00e1\u0159en\u00ed.<br \/>\nFN1 BioMax se pou\u017e\u00edv\u00e1 jako \u00fa\u010dinn\u00e1 antibakteri\u00e1ln\u00ed povrchov\u00e1 ochrana zd\u00ed v exteri\u00e9rech i interi\u00e9rech. Je mo\u017eno jej aplikovat na betonov\u00e9, keramick\u00e9, kamenn\u00e9 a dal\u0161\u00ed b\u011b\u017en\u00e9 povrchy, v\u010detn\u011b d\u0159eva.<br \/>\n\u2013 \u00fa\u010dinn\u011b likviduje mikroorganismy \u2013 viry, bakt\u00e9rie, pl\u00edsn\u011b a kvasinky, a br\u00e1n\u00ed li\u0161ejn\u00edk\u016fm a mech\u016fm, aby se usazovaly na povrchu staveb,<br \/>\n\u2013 chr\u00e1n\u00ed podklad proti ultrafialov\u00e9mu z\u00e1\u0159en\u00ed a pomoc\u00ed fotokatalytick\u00e9ho efektu \u010dist\u00ed vzduch od organick\u00fdch \u0161kodlivin a oxid\u016f dus\u00edku<br \/>\n\u2013 samo\u010dist\u00edc\u00ed efekt udr\u017euje povrch \u010dist\u00fd a z\u00e1sadn\u011b prodlu\u017euje dobu mezi \u010dist\u00edc\u00edmi cykly<br \/>\n\u2013 antigraffiti vlastnosti<br \/>\n\u2013 certifikov\u00e1n jako ochrana betonu<br \/>\n\u2013 velmi vhodn\u00fd pro alergiky a astmatiky<br \/>\nOBVYKL\u00c1 SPOT\u0158EBA PRO VYTVO\u0158EN\u00cd OCHRANN\u00c9HO POVRCHU: 7 \u2013 10 m\u00b2\/ l ve t\u0159ech n\u00e1t\u011brov\u00fdch vrstv\u00e1ch (v z\u00e1vislosti na savosti materi\u00e1lu, hrubosti povrchu a zp\u016fsobu nan\u00e1\u0161en\u00ed).<\/p>\n<p>Pou\u017e\u00edvejte biocidy bezpe\u010dn\u00fdm zp\u016fsobem. P\u0159ed pou\u017eit\u00edm si v\u017edy p\u0159e\u010dt\u011bte ozna\u010den\u00ed a informace o p\u0159\u00edpravku.<\/p>\n<p style=\"text-align: justify;\">Podrobn\u00e9 informace o produktu a jeho pou\u017eit\u00ed naleznete v technick\u00e9m listu: <a href=\"https:\/\/www.nano4people.cz\/shop\/wp-content\/uploads\/2022\/03\/FN-NANO-BioMax_Tech_list_rev_21022022.pdf\">FN NANO BioMax_Tech_list_rev_21022022<\/a><\/p>\n<p>PoS (Prohl\u00e1\u0161en\u00ed o shod\u011b) : <a href=\"https:\/\/www.nano4people.cz\/shop\/wp-content\/uploads\/2021\/03\/PoS_FN_ZDIVO_rev01092021.pdf\">PoS_FN_ZDIVO_rev01092021<\/a><\/p>\n<p>PoV (Prohl\u00e1\u0161en\u00ed o vlastnostech): <a href=\"https:\/\/www.nano4people.cz\/shop\/wp-content\/uploads\/2021\/01\/PoV_FN_NANO_BioMax-final.pdf\">PoV_FN_NANO_BioMax &#8211; final<\/a><\/p>\n","protected":false},"excerpt":{"rendered":"<p>Funk\u010dn\u00ed n\u00e1t\u011br FN1 BioMax byl vyvinut na b\u00e1zi n\u00e1t\u011bru FN1 na s c\u00edlem maximalizovat jeho antimikrobi\u00e1ln\u00ed funkci a umo\u017enit jeho vyu\u017eit\u00ed jako \u00fa\u010dinn\u00e9ho biocidn\u00edho prost\u0159edku s dlouhodob\u00fdm \u00fa\u010dinkem ve zdravotnick\u00fdch za\u0159\u00edzen\u00edch, v domovech senior\u016f i dom\u00e1cnostech a na dal\u0161\u00edch m\u00edstech s c\u00edlem zlep\u0161it ochranu proti \u0161\u00ed\u0159en\u00ed infekc\u00ed. FN1 BioMax je kompozitn\u00ed antibakteri\u00e1ln\u00ed ochrann\u00fd n\u00e1t\u011br na b\u00e1zi oxidu titani\u010dit\u00e9ho s \u00fa\u010dinnou biocidn\u00ed l\u00e1tkou a velmi siln\u00fdm fotokatalytick\u00fdm \u00fa\u010dinkem. Antibakteri\u00e1ln\u00ed \u00fa\u010dinek aktivn\u00ed biocidn\u00ed l\u00e1tky je podpo\u0159en fotokatalytick\u00fdm efektem, kter\u00fd je aktivov\u00e1n p\u0159i dopadu denn\u00edho sv\u011btla nebo um\u011bl\u00e9ho sv\u011btla s pod\u00edlem UV spektra.<br \/>\nN\u00e1t\u011brov\u00e1 vrstva FN1 BioMax velmi \u00fa\u010dinn\u011b br\u00e1n\u00ed vir\u016fm, bakteri\u00edm a dal\u0161\u00edm mikroorganism\u016fm v tom, aby se na n\u00ed usazovaly, rostly a rozmno\u017eovaly a z\u00e1rove\u0148 je schopna redukovat koncentraci organick\u00fdch a anorganick\u00fdch ne\u010distot ve vzduchu. O\u0161et\u0159en\u00fd povrch tak\u00e9 chr\u00e1n\u00ed proti postupn\u00e9mu za\u0161pin\u011bn\u00ed ne\u010distotami rozpt\u00fdlen\u00fdmi ve vzduchu. N\u00e1t\u011br chr\u00e1n\u00ed podklad proti UV z\u00e1\u0159en\u00ed.<\/p>\n<p>OBVYKL\u00c1 SPOT\u0158EBA PRO VYTVO\u0158EN\u00cd OCHRANN\u00c9HO POVRCHU: 7 \u2013 10 m\u00b2\/ l ve t\u0159ech n\u00e1t\u011brov\u00fdch vrstv\u00e1ch (v z\u00e1vislosti na savosti materi\u00e1lu, hrubosti povrchu a zp\u016fsobu nan\u00e1\u0161en\u00ed).<\/p>\n<p>&nbsp;<\/p>\n<p><strong>V\u00fdstra\u017en\u00e9 symboly nebezpe\u010dnosti<\/strong><\/p>\n<p><img loading=\"lazy\" decoding=\"async\" class=\"alignnone size-thumbnail wp-image-4204\" src=\"https:\/\/www.nano4people.cz\/shop\/wp-content\/uploads\/2021\/02\/ziravy-80x80.jpg\" alt=\"\" width=\"80\" height=\"80\" \/><img loading=\"lazy\" decoding=\"async\" class=\"alignnone size-thumbnail wp-image-4203\" src=\"https:\/\/www.nano4people.cz\/shop\/wp-content\/uploads\/2021\/02\/drazdivy-80x80.jpg\" alt=\"\" width=\"80\" height=\"80\" \/><img loading=\"lazy\" decoding=\"async\" class=\"alignnone size-thumbnail wp-image-4202\" src=\"https:\/\/www.nano4people.cz\/shop\/wp-content\/uploads\/2021\/02\/19081-608-80x80.jpg\" alt=\"\" width=\"80\" height=\"80\" \/><\/p>\n<p><strong>Sign\u00e1ln\u00ed<\/strong> <strong>slovo:\u00a0<\/strong>Nebezpe\u010d\u00ed<\/p>\n<p><strong>Standardn\u00ed v\u011bty o nebezpe\u010dnosti\u00a0\u00a0<\/strong><strong><br \/>\nH302<\/strong><br \/>\nZdrav\u00ed \u0161kodliv\u00fd p\u0159i po\u017eit\u00ed.<br \/>\n<strong>H315\u00a0<\/strong><br \/>\nDr\u00e1\u017ed\u00ed k\u016f\u017ei.<br \/>\n<strong>H318\u00a0 \u00a0<\/strong><br \/>\nZp\u016fsobuje v\u00e1\u017en\u00e9 po\u0161kozen\u00ed o\u010d\u00ed.<br \/>\n<strong>H410\u00a0 \u00a0<\/strong><br \/>\nVysoce toxick\u00fd pro vodn\u00ed organismy, s dlouhodob\u00fdmi \u00fa\u010dinky.<\/p>\n<p><strong>Pokyny pro bezpe\u010dn\u00e9 zach\u00e1zen\u00ed<\/strong><br \/>\n<strong>P273\u00a0<\/strong><br \/>\nZabra\u0148te uvoln\u011bn\u00ed do \u017eivotn\u00edho prost\u0159ed\u00ed.<br \/>\n<strong>P208\u00a0<\/strong><br \/>\nPou\u017e\u00edvejte ochrann\u00e9 rukavice\/ochrann\u00fd od\u011bv\/ochrann\u00e9 br\u00fdle.<br \/>\n<strong>P302+P352\u00a0<\/strong><br \/>\nP\u0159i styku s k\u016f\u017e\u00ed: Omyjte velk\u00fdm mno\u017estv\u00edm vody a m\u00fddla.<br \/>\n<strong>P305+P351+P338<\/strong><br \/>\nP\u0159i zasa\u017een\u00ed o\u010d\u00ed: N\u011bkolik minut opatrn\u011b vyplachujte vodou. Vyjm\u011bte kontaktn\u00ed \u010do\u010dky, jsou-li nasazeny a pokud je lze vyjmout snadno. Pokra\u010dujte ve vyplachov\u00e1n\u00ed.<br \/>\n<strong>P332+P313\u00a0<\/strong><br \/>\nP\u0159i podr\u00e1\u017ed\u011bn\u00ed k\u016f\u017ee: Vyhledejte l\u00e9ka\u0159skou pomoc\/o\u0161et\u0159en\u00ed.<br \/>\n<strong>P501<\/strong><br \/>\nOdstra\u0148te obsah\/obal podle platn\u00fdch p\u0159edpis\u016f.<\/p>\n<p><strong>Dopl\u0148uj\u00edc\u00ed informace<\/strong><br \/>\n<strong>EUH211\u00a0 \u00a0<\/strong><br \/>\nPozor! P\u0159i post\u0159iku se mohou vytv\u00e1\u0159et nebezpe\u010dn\u00e9 respirabiln\u00ed kapi\u010dky. Nevdechujte aerosoly nebo mlhu.<\/p>\n","protected":false},"featured_media":4102,"comment_status":"open","ping_status":"closed","template":"","meta":{"_monsterinsights_skip_tracking":false,"_monsterinsights_sitenote_active":false,"_monsterinsights_sitenote_note":"","_monsterinsights_sitenote_category":0},"class_list":["post-3623","product","type-product","status-publish","has-post-thumbnail","hentry","product_cat-fn"],"aioseo_notices":[],"_links":{"self":[{"href":"https:\/\/www.nano4people.cz\/shop\/wp-json\/wp\/v2\/product\/3623","targetHints":{"allow":["GET"]}}],"collection":[{"href":"https:\/\/www.nano4people.cz\/shop\/wp-json\/wp\/v2\/product"}],"about":[{"href":"https:\/\/www.nano4people.cz\/shop\/wp-json\/wp\/v2\/types\/product"}],"replies":[{"embeddable":true,"href":"https:\/\/www.nano4people.cz\/shop\/wp-json\/wp\/v2\/comments?post=3623"}],"wp:featuredmedia":[{"embeddable":true,"href":"https:\/\/www.nano4people.cz\/shop\/wp-json\/wp\/v2\/media\/4102"}],"wp:attachment":[{"href":"https:\/\/www.nano4people.cz\/shop\/wp-json\/wp\/v2\/media?parent=3623"}],"curies":[{"name":"wp","href":"https:\/\/api.w.org\/{rel}","templated":true}]}}