{"id":3458,"date":"2018-10-29T11:31:10","date_gmt":"2018-10-29T10:31:10","guid":{"rendered":"https:\/\/k-geo.dev.wd7.cz\/?page_id=3458"},"modified":"2021-06-10T15:12:41","modified_gmt":"2021-06-10T13:12:41","slug":"o-nas","status":"publish","type":"page","link":"https:\/\/www.nano4people.cz\/shop\/o-nas\/","title":{"rendered":"O n\u00e1s"},"content":{"rendered":"<div id='av_section_1'  class='avia-section main_color avia-section-default avia-no-border-styling  avia-bg-style-scroll  avia-builder-el-0  el_before_av_one_full  avia-builder-el-first   container_wrap sidebar_left' style='background-color: #3d8acb;  '  ><div class='container' ><main  role=\"main\" itemprop=\"mainContentOfPage\"  class='template-page content  av-content-small units'><div class='post-entry post-entry-type-page post-entry-3458'><div class='entry-content-wrapper clearfix'>\n<div class=\"flex_column av_one_full  flex_column_div av-zero-column-padding first  avia-builder-el-1  avia-builder-el-no-sibling  \" style='border-radius:0px; '><div  style='padding-bottom:10px; color:#ffffff;' class='av-special-heading av-special-heading-h1 custom-color-heading blockquote modern-quote  avia-builder-el-2  avia-builder-el-no-sibling  '><h1 class='av-special-heading-tag '  itemprop=\"headline\"  >O N\u00c1S<\/h1><div class='special-heading-border'><div class='special-heading-inner-border' style='border-color:#ffffff'><\/div><\/div><\/div><\/div>\n<\/div><\/div><\/main><!-- close content main element --><\/div><\/div><div id='after_section_1'  class='main_color av_default_container_wrap container_wrap sidebar_left' style=' '  ><div class='container' ><div class='template-page content  av-content-small units'><div class='post-entry post-entry-type-page post-entry-3458'><div class='entry-content-wrapper clearfix'>\n<div class=\"flex_column av_one_full  flex_column_div av-zero-column-padding first  avia-builder-el-3  el_after_av_section  el_before_av_one_fourth  avia-builder-el-first  \" style='border-radius:0px; '><p><div  class='avia-image-container  av-styling-    avia-builder-el-4  el_before_av_textblock  avia-builder-el-first  avia-align-center '  itemprop=\"image\" itemscope=\"itemscope\" itemtype=\"https:\/\/schema.org\/ImageObject\"  ><div class='avia-image-container-inner'><div class='avia-image-overlay-wrap'><img decoding=\"async\" class='wp-image-4031 avia-img-lazy-loading-not-4031 avia_image' src=\"https:\/\/www.nano4people.cz\/shop\/wp-content\/uploads\/2021\/06\/NANO4PEOPLE_LOGO_BLUE_GREEN-1030x265-1.jpg\" alt='' title='NANO4PEOPLE_LOGO_BLUE_GREEN-1030x265' height=\"265\" width=\"1030\"  itemprop=\"thumbnailUrl\"  \/><\/div><\/div><\/div><br \/>\n<section class=\"av_textblock_section \"  itemscope=\"itemscope\" itemtype=\"https:\/\/schema.org\/CreativeWork\" ><div class='avia_textblock  '   itemprop=\"text\" ><div class=\"flex_column av_one_full av-animated-generic bottom-to-top flex_column_div av-zero-column-padding first avia-builder-el-7 el_after_av_hr el_before_av_one_full avia_start_animation avia_start_delayed_animation\" style=\"text-align: center;\">\n<section class=\"av_textblock_section \">\n<div class=\"avia_textblock \">\n<p><strong>Spole\u010dnost Nano4people s.r.o. je inovativn\u00ed firma, kter\u00e1 se zab\u00fdv\u00e1 a pod\u00edl\u00ed na v\u00fdvoji, optimalizaci a realizaci konkr\u00e9tn\u00edch aplikac\u00ed multifunk\u010dn\u00edch fotokatalytick\u00fdch n\u00e1t\u011br\u016f, kter\u00e9 za pomoc\u00ed nanotechnologie a sv\u011btla, dok\u00e1\u017eou likvidovat viry, bakterie, spory, pl\u00edsn\u011b, pachy a dokonce \u010distit vzduch.<\/strong><\/p>\n<p>Na z\u00e1klad\u011b mnohalet\u00fdch zku\u0161enosti na\u0161ich partner\u016f z vysok\u00fdch \u0161kol, v\u00fdzkumn\u00fdch \u00fastav\u016f, zdravotn\u00edch \u00fastav\u016f a p\u0159edn\u00edch \u010desk\u00fdch v\u011bdc\u016f, se aktivn\u011b pod\u00edl\u00ed na transferu technologi\u00ed, t\u00fdkaj\u00edc\u00ed se nanomateri\u00e1l\u016f a fyzik\u00e1ln\u00edho jevu &#8211; fotokatal\u00fdza, z oblasti v\u011bdy a techniky do b\u011b\u017en\u00e9ho \u017eivota.<\/p>\n<p>D\u00e1le, intenz\u00edvn\u011b spolupracuje na dal\u0161\u00edch modifikac\u00edch fotokatalytick\u00fdch v\u00fdrobku. Hled\u00e1 a objevuje nov\u00e9 mo\u017enosti jejich dal\u0161\u00edch vyu\u017eit\u00ed. Realizuje konkr\u00e9tn\u00ed aplikace, dle dan\u00fdch specifik a po\u017eadavk\u016f spole\u010dnosti na \u010dist\u00e9 a zdrav\u00e9 prost\u0159ed\u00ed. Ve spolupr\u00e1ci s partnery, prov\u00e1d\u00ed testov\u00e1n\u00ed, monitorov\u00e1n\u00ed, m\u011b\u0159en\u00ed a vyhodnocov\u00e1n\u00ed \u00fa\u010dinnosti realizovan\u00fdch aplikac\u00ed.<\/p>\n<\/div>\n<\/section>\n<\/div>\n<div class=\"flex_column av_one_full flex_column_div av-zero-column-padding first avia-builder-el-9 el_after_av_one_full el_before_av_one_fourth column-top-margin\">\n<section class=\"av_textblock_section \">\n<div class=\"avia_textblock \">\n<p style=\"text-align: center;\">\n<\/div>\n<\/section>\n<\/div>\n<\/div><\/section><br \/>\n<article  class=\"iconbox iconbox_top main_color    avia-builder-el-6  el_after_av_textblock  el_before_av_image  \"  itemscope=\"itemscope\" itemtype=\"https:\/\/schema.org\/CreativeWork\" ><div class=\"iconbox_content\"><header class=\"entry-content-header\"><div class=\"iconbox_icon heading-color\" aria-hidden='true' data-av_icon='\ue864' data-av_iconfont='entypo-fontello'  ><\/div><\/header><div class='iconbox_content_container  '  itemprop=\"text\"  ><p style=\"text-align: center;\">V\u011bd\u011bli jste, \u017ee n\u011bkolik 10 m<sup>2<\/sup>\u00a0o\u0161et\u0159en\u00fdch Nano \u010d\u00e1sticemi TiO\u2082 dok\u00e1\u017ee za rok vy\u010distit cca 1 000 000 000 m<sup>3<\/sup>\u00a0vzduchu?<\/p>\n<p style=\"text-align: center;\">Zn\u00e1te n\u011bco jin\u00e9ho, co bez pou\u017eit\u00ed jak\u00e9koli jin\u00e9 energie ne\u017e denn\u00edho sv\u011btla, vy\u010dist\u00ed za rok takov\u00e9to neskute\u010dn\u00e9 mno\u017estv\u00ed vzduchu, kter\u00fd spole\u010dn\u011b d\u00fdch\u00e1me?<\/p>\n<p style=\"text-align: center;\"><strong>TiO<sub>2<\/sub>\u00a0je doporu\u010dov\u00e1n evropskou komis\u00ed pro hygienu a zdravotnictv\u00ed jako \u00fa\u010dinn\u00e1 ochrana proti ch\u0159ipkov\u00fdm onemocn\u011bn\u00edm.<\/strong><\/p>\n<\/div><\/div><footer class=\"entry-footer\"><\/footer><\/article><br \/>\n<div  class='avia-image-container  av-styling-    avia-builder-el-7  el_after_av_icon_box  avia-builder-el-last  avia-align-center '  itemprop=\"image\" itemscope=\"itemscope\" itemtype=\"https:\/\/schema.org\/ImageObject\"  ><div class='avia-image-container-inner'><div class='avia-image-overlay-wrap'><img decoding=\"async\" class='wp-image-4032 avia-img-lazy-loading-not-4032 avia_image' src=\"https:\/\/www.nano4people.cz\/shop\/wp-content\/uploads\/2021\/06\/Bez_chemie3.png\" alt='' title='Bez_chemie3' height=\"289\" width=\"808\"  itemprop=\"thumbnailUrl\"  \/><\/div><\/div><\/div><\/p><\/div><div class=\"flex_column av_one_fourth  flex_column_div av-zero-column-padding first  avia-builder-el-8  el_after_av_one_full  el_before_av_one_fourth  column-top-margin\" style='border-radius:0px; '><div  class='avia-button-wrap avia-button-center  avia-builder-el-9  avia-builder-el-no-sibling ' ><a href='https:\/\/www.nano4people.cz\/poslani'  class='avia-button av-icon-on-hover avia-color-blue   avia-icon_select-yes-left-icon avia-size-large avia-position-center '   ><span class='avia_button_icon avia_button_icon_left ' aria-hidden='true' data-av_icon='\ue881' data-av_iconfont='entypo-fontello'><\/span><span class='avia_iconbox_title' >POSL\u00c1N\u00cd<\/span><\/a><\/div><\/div><\/p>\n<div class=\"flex_column av_one_fourth  flex_column_div av-zero-column-padding   avia-builder-el-10  el_after_av_one_fourth  el_before_av_one_fourth  column-top-margin\" style='border-radius:0px; '><div  class='avia-button-wrap avia-button-center  avia-builder-el-11  avia-builder-el-no-sibling ' ><a href='https:\/\/www.nano4people.cz\/vize\/'  class='avia-button av-icon-on-hover avia-color-blue   avia-icon_select-yes-left-icon avia-size-large avia-position-center '   ><span class='avia_button_icon avia_button_icon_left ' aria-hidden='true' data-av_icon='\ue881' data-av_iconfont='entypo-fontello'><\/span><span class='avia_iconbox_title' >VIZE<\/span><\/a><\/div><\/div>\n<div class=\"flex_column av_one_fourth  flex_column_div av-zero-column-padding   avia-builder-el-12  el_after_av_one_fourth  el_before_av_one_fourth  column-top-margin\" style='border-radius:0px; '><div  class='avia-button-wrap avia-button-center  avia-builder-el-13  avia-builder-el-no-sibling ' ><a href='https:\/\/www.nano4people.cz\/hodnoty\/'  class='avia-button av-icon-on-hover avia-color-blue   avia-icon_select-yes-left-icon avia-size-large avia-position-center '   ><span class='avia_button_icon avia_button_icon_left ' aria-hidden='true' data-av_icon='\ue881' data-av_iconfont='entypo-fontello'><\/span><span class='avia_iconbox_title' >HODNOTY<\/span><\/a><\/div><\/div>\n<div class=\"flex_column av_one_fourth  flex_column_div av-zero-column-padding   avia-builder-el-14  el_after_av_one_fourth  avia-builder-el-last  column-top-margin\" style='border-radius:0px; '><div  class='avia-button-wrap avia-button-center  avia-builder-el-15  avia-builder-el-no-sibling ' ><a href='https:\/\/www.nano4people.cz\/kodex-chovani\/'  class='avia-button av-icon-on-hover avia-color-blue   avia-icon_select-yes-left-icon avia-size-large avia-position-center '   ><span class='avia_button_icon avia_button_icon_left ' aria-hidden='true' data-av_icon='\ue881' data-av_iconfont='entypo-fontello'><\/span><span class='avia_iconbox_title' >KODEX<\/span><\/a><\/div><\/div>\n","protected":false},"excerpt":{"rendered":"","protected":false},"author":1,"featured_media":0,"parent":0,"menu_order":0,"comment_status":"closed","ping_status":"closed","template":"","meta":{"_monsterinsights_skip_tracking":false,"_monsterinsights_sitenote_active":false,"_monsterinsights_sitenote_note":"","_monsterinsights_sitenote_category":0,"footnotes":""},"class_list":["post-3458","page","type-page","status-publish","hentry"],"aioseo_notices":[],"_links":{"self":[{"href":"https:\/\/www.nano4people.cz\/shop\/wp-json\/wp\/v2\/pages\/3458","targetHints":{"allow":["GET"]}}],"collection":[{"href":"https:\/\/www.nano4people.cz\/shop\/wp-json\/wp\/v2\/pages"}],"about":[{"href":"https:\/\/www.nano4people.cz\/shop\/wp-json\/wp\/v2\/types\/page"}],"author":[{"embeddable":true,"href":"https:\/\/www.nano4people.cz\/shop\/wp-json\/wp\/v2\/users\/1"}],"replies":[{"embeddable":true,"href":"https:\/\/www.nano4people.cz\/shop\/wp-json\/wp\/v2\/comments?post=3458"}],"version-history":[{"count":5,"href":"https:\/\/www.nano4people.cz\/shop\/wp-json\/wp\/v2\/pages\/3458\/revisions"}],"predecessor-version":[{"id":4034,"href":"https:\/\/www.nano4people.cz\/shop\/wp-json\/wp\/v2\/pages\/3458\/revisions\/4034"}],"wp:attachment":[{"href":"https:\/\/www.nano4people.cz\/shop\/wp-json\/wp\/v2\/media?parent=3458"}],"curies":[{"name":"wp","href":"https:\/\/api.w.org\/{rel}","templated":true}]}}